{"id":1530,"date":"2019-06-08T03:52:14","date_gmt":"2019-06-08T03:52:14","guid":{"rendered":"https:\/\/parosapartmentspanos.com\/it\/?page_id=1530"},"modified":"2022-10-09T13:20:34","modified_gmt":"2022-10-09T13:20:34","slug":"livadia-spiaggia","status":"publish","type":"page","link":"https:\/\/parosapartmentspanos.com\/it\/spiagge\/livadia-spiaggia\/","title":{"rendered":"Livadia Spiaggia"},"content":{"rendered":"<p>A nord di Parikia, nelle zona Livadia, si trova\u00a0<strong>una spiaggia molto<\/strong>\u00a0<strong>organizzata\u00a0<\/strong>con acque pulitissime. Livadia si trova alla citt\u00e0 di Paros circa 1Km dal porto. Si tratta di\u00a0<strong>una spiaggia grande e sabbiosa<\/strong>\u00a0con acque molto pulite. Inoltre\u00a0<strong>gli alberi<\/strong>\u00a0della spiaggia offrono un\u2019ombra naturale. A causa della sua vicinanza alla citt\u00e0 di Paros costituicse la meta ideale per un tuffo veloce. E\u2019una spiaggia bella che attrae chi non vuole allontanarsi dal suo alloggio. Dispone di sedie a sdraio, ombrelloni, trattorie e bar in riva al mare. Potete ancora praticare degli sport acquatici.<\/p>\n<p><strong>L\u2019accesso\u00a0<\/strong>alla spiaggia si effettua in autobus, taxi, macchina o moto, ma se alloggiate l\u00ec vicino potete andare a piedi. Al capoluogo di Paros ci sono molti alberghi e camere in affitto cos\u00ec non avrete nessuna difficolt\u00e0 di trovare qualche posto<\/p>\n","protected":false},"excerpt":{"rendered":"<p>A nord di Parikia, nelle zona Livadia, si trova\u00a0una spiaggia molto\u00a0organizzata\u00a0con acque pulitissime. Livadia si trova alla citt\u00e0 di Paros circa 1Km dal porto. Si tratta di\u00a0una spiaggia grande e sabbiosa\u00a0con acque molto pulite. Inoltre\u00a0gli alberi\u00a0della spiaggia offrono un\u2019ombra naturale. A causa della sua vicinanza alla citt\u00e0 di Paros costituicse la meta ideale per un tuffo veloce. E\u2019una spiaggia bella che attrae chi non vuole allontanarsi dal suo alloggio. Dispone di sedie a sdraio, ombrelloni, trattorie e bar in riva al mare. Potete ancora praticare degli sport acquatici. L\u2019accesso\u00a0alla spiaggia si effettua in autobus, taxi, macchina o moto, ma se alloggiate l\u00ec vicino potete andare a piedi. Al capoluogo di&hellip;<\/p>\n","protected":false},"author":1,"featured_media":1531,"parent":2125,"menu_order":2,"comment_status":"closed","ping_status":"closed","template":"","meta":{"footnotes":""},"class_list":["post-1530","page","type-page","status-publish","has-post-thumbnail","hentry"],"yoast_head":"<!-- This site is optimized with the Yoast SEO plugin v27.1.1 - https:\/\/yoast.com\/product\/yoast-seo-wordpress\/ -->\n<title>Spiaggia di Livadia a Paro<\/title>\n<meta name=\"description\" content=\"A nord di Parikia, nella zona di Livadia, c&#039;\u00e8 una spiaggia perfettamente organizzata con un mare cristallino.\" \/>\n<meta name=\"robots\" content=\"index, follow, max-snippet:-1, max-image-preview:large, max-video-preview:-1\" \/>\n<link rel=\"canonical\" href=\"https:\/\/parosapartmentspanos.com\/it\/spiagge\/livadia-spiaggia\/\" \/>\n<meta property=\"og:locale\" content=\"it_IT\" \/>\n<meta property=\"og:type\" content=\"article\" \/>\n<meta property=\"og:title\" content=\"Spiaggia di Livadia a Paro\" \/>\n<meta property=\"og:description\" content=\"A nord di Parikia, nella zona di Livadia, c&#039;\u00e8 una spiaggia perfettamente organizzata con un mare cristallino.\" \/>\n<meta property=\"og:url\" content=\"https:\/\/parosapartmentspanos.com\/it\/spiagge\/livadia-spiaggia\/\" \/>\n<meta property=\"og:site_name\" content=\"Paros Appartamenti - Paros suite - Paros ville - Affitti\" \/>\n<meta property=\"article:publisher\" content=\"https:\/\/www.facebook.com\/panosluxuryparos\/\" \/>\n<meta property=\"article:modified_time\" content=\"2022-10-09T13:20:34+00:00\" \/>\n<meta property=\"og:image\" content=\"https:\/\/parosapartmentspanos.com\/it\/wp-content\/uploads\/2019\/06\/01.jpg\" \/>\n\t<meta property=\"og:image:width\" content=\"1000\" \/>\n\t<meta property=\"og:image:height\" content=\"1000\" \/>\n\t<meta property=\"og:image:type\" content=\"image\/jpeg\" \/>\n<meta name=\"twitter:label1\" content=\"Tempo di lettura stimato\" \/>\n\t<meta name=\"twitter:data1\" content=\"1 minuto\" \/>\n<script type=\"application\/ld+json\" class=\"yoast-schema-graph\">{\"@context\":\"https:\/\/schema.org\",\"@graph\":[{\"@type\":\"WebPage\",\"@id\":\"https:\/\/parosapartmentspanos.com\/it\/spiagge\/livadia-spiaggia\/\",\"url\":\"https:\/\/parosapartmentspanos.com\/it\/spiagge\/livadia-spiaggia\/\",\"name\":\"Spiaggia di Livadia a Paro\",\"isPartOf\":{\"@id\":\"https:\/\/parosapartmentspanos.com\/it\/#website\"},\"primaryImageOfPage\":{\"@id\":\"https:\/\/parosapartmentspanos.com\/it\/spiagge\/livadia-spiaggia\/#primaryimage\"},\"image\":{\"@id\":\"https:\/\/parosapartmentspanos.com\/it\/spiagge\/livadia-spiaggia\/#primaryimage\"},\"thumbnailUrl\":\"https:\/\/parosapartmentspanos.com\/it\/wp-content\/uploads\/2019\/06\/01.jpg\",\"datePublished\":\"2019-06-08T03:52:14+00:00\",\"dateModified\":\"2022-10-09T13:20:34+00:00\",\"description\":\"A nord di Parikia, nella zona di Livadia, c'\u00e8 una spiaggia perfettamente organizzata con un mare cristallino.\",\"breadcrumb\":{\"@id\":\"https:\/\/parosapartmentspanos.com\/it\/spiagge\/livadia-spiaggia\/#breadcrumb\"},\"inLanguage\":\"it-IT\",\"potentialAction\":[{\"@type\":\"ReadAction\",\"target\":[\"https:\/\/parosapartmentspanos.com\/it\/spiagge\/livadia-spiaggia\/\"]}]},{\"@type\":\"ImageObject\",\"inLanguage\":\"it-IT\",\"@id\":\"https:\/\/parosapartmentspanos.com\/it\/spiagge\/livadia-spiaggia\/#primaryimage\",\"url\":\"https:\/\/parosapartmentspanos.com\/it\/wp-content\/uploads\/2019\/06\/01.jpg\",\"contentUrl\":\"https:\/\/parosapartmentspanos.com\/it\/wp-content\/uploads\/2019\/06\/01.jpg\",\"width\":1000,\"height\":1000,\"caption\":\"Spiaggia di Livadia\"},{\"@type\":\"BreadcrumbList\",\"@id\":\"https:\/\/parosapartmentspanos.com\/it\/spiagge\/livadia-spiaggia\/#breadcrumb\",\"itemListElement\":[{\"@type\":\"ListItem\",\"position\":1,\"name\":\"Home\",\"item\":\"https:\/\/parosapartmentspanos.com\/it\/\"},{\"@type\":\"ListItem\",\"position\":2,\"name\":\"Spiagge\",\"item\":\"https:\/\/parosapartmentspanos.com\/it\/spiagge\/\"},{\"@type\":\"ListItem\",\"position\":3,\"name\":\"Livadia Spiaggia\"}]},{\"@type\":\"WebSite\",\"@id\":\"https:\/\/parosapartmentspanos.com\/it\/#website\",\"url\":\"https:\/\/parosapartmentspanos.com\/it\/\",\"name\":\"Paros Appartamenti - Paros suite - Paros ville - Affitti\",\"description\":\"Appartamenti di lusso, suite e ville in affitto a Paros. Suite, appartamenti e ville in affitto a Paros\",\"publisher\":{\"@id\":\"https:\/\/parosapartmentspanos.com\/it\/#organization\"},\"potentialAction\":[{\"@type\":\"SearchAction\",\"target\":{\"@type\":\"EntryPoint\",\"urlTemplate\":\"https:\/\/parosapartmentspanos.com\/it\/?s={search_term_string}\"},\"query-input\":{\"@type\":\"PropertyValueSpecification\",\"valueRequired\":true,\"valueName\":\"search_term_string\"}}],\"inLanguage\":\"it-IT\"},{\"@type\":\"Organization\",\"@id\":\"https:\/\/parosapartmentspanos.com\/it\/#organization\",\"name\":\"Paros Appartamenti - Paros suite - Paros ville - Affitti\",\"url\":\"https:\/\/parosapartmentspanos.com\/it\/\",\"logo\":{\"@type\":\"ImageObject\",\"inLanguage\":\"it-IT\",\"@id\":\"https:\/\/parosapartmentspanos.com\/it\/#\/schema\/logo\/image\/\",\"url\":\"https:\/\/parosapartmentspanos.com\/it\/wp-content\/uploads\/2021\/03\/panos_luxury-190.jpg\",\"contentUrl\":\"https:\/\/parosapartmentspanos.com\/it\/wp-content\/uploads\/2021\/03\/panos_luxury-190.jpg\",\"width\":190,\"height\":86,\"caption\":\"Paros Appartamenti - Paros suite - Paros ville - Affitti\"},\"image\":{\"@id\":\"https:\/\/parosapartmentspanos.com\/it\/#\/schema\/logo\/image\/\"},\"sameAs\":[\"https:\/\/www.facebook.com\/panosluxuryparos\/\",\"https:\/\/x.com\/panosluxury\"]}]}<\/script>\n<!-- \/ Yoast SEO plugin. -->","yoast_head_json":{"title":"Spiaggia di Livadia a Paro","description":"A nord di Parikia, nella zona di Livadia, c'\u00e8 una spiaggia perfettamente organizzata con un mare cristallino.","robots":{"index":"index","follow":"follow","max-snippet":"max-snippet:-1","max-image-preview":"max-image-preview:large","max-video-preview":"max-video-preview:-1"},"canonical":"https:\/\/parosapartmentspanos.com\/it\/spiagge\/livadia-spiaggia\/","og_locale":"it_IT","og_type":"article","og_title":"Spiaggia di Livadia a Paro","og_description":"A nord di Parikia, nella zona di Livadia, c'\u00e8 una spiaggia perfettamente organizzata con un mare cristallino.","og_url":"https:\/\/parosapartmentspanos.com\/it\/spiagge\/livadia-spiaggia\/","og_site_name":"Paros Appartamenti - Paros suite - Paros ville - Affitti","article_publisher":"https:\/\/www.facebook.com\/panosluxuryparos\/","article_modified_time":"2022-10-09T13:20:34+00:00","og_image":[{"width":1000,"height":1000,"url":"https:\/\/parosapartmentspanos.com\/it\/wp-content\/uploads\/2019\/06\/01.jpg","type":"image\/jpeg"}],"twitter_misc":{"Tempo di lettura stimato":"1 minuto"},"schema":{"@context":"https:\/\/schema.org","@graph":[{"@type":"WebPage","@id":"https:\/\/parosapartmentspanos.com\/it\/spiagge\/livadia-spiaggia\/","url":"https:\/\/parosapartmentspanos.com\/it\/spiagge\/livadia-spiaggia\/","name":"Spiaggia di Livadia a Paro","isPartOf":{"@id":"https:\/\/parosapartmentspanos.com\/it\/#website"},"primaryImageOfPage":{"@id":"https:\/\/parosapartmentspanos.com\/it\/spiagge\/livadia-spiaggia\/#primaryimage"},"image":{"@id":"https:\/\/parosapartmentspanos.com\/it\/spiagge\/livadia-spiaggia\/#primaryimage"},"thumbnailUrl":"https:\/\/parosapartmentspanos.com\/it\/wp-content\/uploads\/2019\/06\/01.jpg","datePublished":"2019-06-08T03:52:14+00:00","dateModified":"2022-10-09T13:20:34+00:00","description":"A nord di Parikia, nella zona di Livadia, c'\u00e8 una spiaggia perfettamente organizzata con un mare cristallino.","breadcrumb":{"@id":"https:\/\/parosapartmentspanos.com\/it\/spiagge\/livadia-spiaggia\/#breadcrumb"},"inLanguage":"it-IT","potentialAction":[{"@type":"ReadAction","target":["https:\/\/parosapartmentspanos.com\/it\/spiagge\/livadia-spiaggia\/"]}]},{"@type":"ImageObject","inLanguage":"it-IT","@id":"https:\/\/parosapartmentspanos.com\/it\/spiagge\/livadia-spiaggia\/#primaryimage","url":"https:\/\/parosapartmentspanos.com\/it\/wp-content\/uploads\/2019\/06\/01.jpg","contentUrl":"https:\/\/parosapartmentspanos.com\/it\/wp-content\/uploads\/2019\/06\/01.jpg","width":1000,"height":1000,"caption":"Spiaggia di Livadia"},{"@type":"BreadcrumbList","@id":"https:\/\/parosapartmentspanos.com\/it\/spiagge\/livadia-spiaggia\/#breadcrumb","itemListElement":[{"@type":"ListItem","position":1,"name":"Home","item":"https:\/\/parosapartmentspanos.com\/it\/"},{"@type":"ListItem","position":2,"name":"Spiagge","item":"https:\/\/parosapartmentspanos.com\/it\/spiagge\/"},{"@type":"ListItem","position":3,"name":"Livadia Spiaggia"}]},{"@type":"WebSite","@id":"https:\/\/parosapartmentspanos.com\/it\/#website","url":"https:\/\/parosapartmentspanos.com\/it\/","name":"Paros Appartamenti - Paros suite - Paros ville - Affitti","description":"Appartamenti di lusso, suite e ville in affitto a Paros. Suite, appartamenti e ville in affitto a Paros","publisher":{"@id":"https:\/\/parosapartmentspanos.com\/it\/#organization"},"potentialAction":[{"@type":"SearchAction","target":{"@type":"EntryPoint","urlTemplate":"https:\/\/parosapartmentspanos.com\/it\/?s={search_term_string}"},"query-input":{"@type":"PropertyValueSpecification","valueRequired":true,"valueName":"search_term_string"}}],"inLanguage":"it-IT"},{"@type":"Organization","@id":"https:\/\/parosapartmentspanos.com\/it\/#organization","name":"Paros Appartamenti - Paros suite - Paros ville - Affitti","url":"https:\/\/parosapartmentspanos.com\/it\/","logo":{"@type":"ImageObject","inLanguage":"it-IT","@id":"https:\/\/parosapartmentspanos.com\/it\/#\/schema\/logo\/image\/","url":"https:\/\/parosapartmentspanos.com\/it\/wp-content\/uploads\/2021\/03\/panos_luxury-190.jpg","contentUrl":"https:\/\/parosapartmentspanos.com\/it\/wp-content\/uploads\/2021\/03\/panos_luxury-190.jpg","width":190,"height":86,"caption":"Paros Appartamenti - Paros suite - Paros ville - Affitti"},"image":{"@id":"https:\/\/parosapartmentspanos.com\/it\/#\/schema\/logo\/image\/"},"sameAs":["https:\/\/www.facebook.com\/panosluxuryparos\/","https:\/\/x.com\/panosluxury"]}]}},"_links":{"self":[{"href":"https:\/\/parosapartmentspanos.com\/it\/wp-json\/wp\/v2\/pages\/1530","targetHints":{"allow":["GET"]}}],"collection":[{"href":"https:\/\/parosapartmentspanos.com\/it\/wp-json\/wp\/v2\/pages"}],"about":[{"href":"https:\/\/parosapartmentspanos.com\/it\/wp-json\/wp\/v2\/types\/page"}],"author":[{"embeddable":true,"href":"https:\/\/parosapartmentspanos.com\/it\/wp-json\/wp\/v2\/users\/1"}],"replies":[{"embeddable":true,"href":"https:\/\/parosapartmentspanos.com\/it\/wp-json\/wp\/v2\/comments?post=1530"}],"version-history":[{"count":1,"href":"https:\/\/parosapartmentspanos.com\/it\/wp-json\/wp\/v2\/pages\/1530\/revisions"}],"predecessor-version":[{"id":1540,"href":"https:\/\/parosapartmentspanos.com\/it\/wp-json\/wp\/v2\/pages\/1530\/revisions\/1540"}],"up":[{"embeddable":true,"href":"https:\/\/parosapartmentspanos.com\/it\/wp-json\/wp\/v2\/pages\/2125"}],"wp:featuredmedia":[{"embeddable":true,"href":"https:\/\/parosapartmentspanos.com\/it\/wp-json\/wp\/v2\/media\/1531"}],"wp:attachment":[{"href":"https:\/\/parosapartmentspanos.com\/it\/wp-json\/wp\/v2\/media?parent=1530"}],"curies":[{"name":"wp","href":"https:\/\/api.w.org\/{rel}","templated":true}]}}