{"id":1583,"date":"2019-09-17T12:20:28","date_gmt":"2019-09-17T12:20:28","guid":{"rendered":"https:\/\/parosapartmentspanos.com\/it\/?page_id=1583"},"modified":"2022-10-09T13:20:19","modified_gmt":"2022-10-09T13:20:19","slug":"golden-beach-spiaggia","status":"publish","type":"page","link":"https:\/\/parosapartmentspanos.com\/it\/spiagge\/golden-beach-spiaggia\/","title":{"rendered":"Golden Beach Spiaggia"},"content":{"rendered":"<p><strong>Golden Beach<\/strong> \u00e8 una delle pi\u00f9 note e <strong>cosmopolitiche spiagge<\/strong>\u00a0dell\u2019isola. Si trova 22Km da Parikia, molto vicino al villaggio balneare\u00a0<strong>Drios.<\/strong> Questa bella spiaggia, con sabbia d\u2019oro, \u00e8 lunga 700m e si trova alla parte sud-est dell\u2019isola. Ha preso il suo nome dalla sabbia fine particolare, in cui ci sono piccoli cristalli che brillano al sole.G<\/p>\n<p><strong>Golden Beach<\/strong> \u00e8 una meta per gli amanti di <strong>windsurfing e kite surfing<\/strong>\u00a0da tutto il mondo, a causa dei venti che tirano dentro e fuori dal piccolo golfo. Potete ancora noleggiare degli scafi e seguire delle\u00a0<strong>lezioni windsurfing<\/strong> sia per pricipianti che per esperti. La spiaggia di Golden Beach \u00e8 ideale per praticare degli sport acquatici e diverse attivitt\u00e0 con <strong>scafi.<\/strong>\u00a0Di fronte alla spiaggia si trova un\u2019isoletta piccola e disabitata che si chiama\u00a0<strong>Drionisi<\/strong>\u00a0e potete andare l\u00ec in barca. La spiaggia ha una\u00a0<strong>sostruzione ottima<\/strong>\u00a0e potete trovare ristoranti, caffetterie, alberghi moderni e altri alloggi.<\/p>\n<p style=\"color: #5c5d5d; text-align: right;\">\n","protected":false},"excerpt":{"rendered":"<p>Golden Beach \u00e8 una delle pi\u00f9 note e cosmopolitiche spiagge\u00a0dell\u2019isola. Si trova 22Km da Parikia, molto vicino al villaggio balneare\u00a0Drios. Questa bella spiaggia, con sabbia d\u2019oro, \u00e8 lunga 700m e si trova alla parte sud-est dell\u2019isola. Ha preso il suo nome dalla sabbia fine particolare, in cui ci sono piccoli cristalli che brillano al sole.G Golden Beach \u00e8 una meta per gli amanti di windsurfing e kite surfing\u00a0da tutto il mondo, a causa dei venti che tirano dentro e fuori dal piccolo golfo. Potete ancora noleggiare degli scafi e seguire delle\u00a0lezioni windsurfing sia per pricipianti che per esperti. La spiaggia di Golden Beach \u00e8 ideale per praticare degli sport acquatici&hellip;<\/p>\n","protected":false},"author":1,"featured_media":1585,"parent":2125,"menu_order":6,"comment_status":"closed","ping_status":"closed","template":"","meta":{"footnotes":""},"class_list":["post-1583","page","type-page","status-publish","has-post-thumbnail","hentry"],"yoast_head":"<!-- This site is optimized with the Yoast SEO plugin v27.1.1 - https:\/\/yoast.com\/product\/yoast-seo-wordpress\/ -->\n<title>Golden Beach a Paro - Spiagge a Paro<\/title>\n<meta name=\"description\" content=\"Golden Beach \u00e8 una delle spiagge pi\u00f9 famose e cosmopolite di Paros. \u00c8 una destinazione popolare per il windsurf e il kitesurf.\" \/>\n<meta name=\"robots\" content=\"index, follow, max-snippet:-1, max-image-preview:large, max-video-preview:-1\" \/>\n<link rel=\"canonical\" href=\"https:\/\/parosapartmentspanos.com\/it\/spiagge\/golden-beach-spiaggia\/\" \/>\n<meta property=\"og:locale\" content=\"it_IT\" \/>\n<meta property=\"og:type\" content=\"article\" \/>\n<meta property=\"og:title\" content=\"Golden Beach a Paro - Spiagge a Paro\" \/>\n<meta property=\"og:description\" content=\"Golden Beach \u00e8 una delle spiagge pi\u00f9 famose e cosmopolite di Paros. \u00c8 una destinazione popolare per il windsurf e il kitesurf.\" \/>\n<meta property=\"og:url\" content=\"https:\/\/parosapartmentspanos.com\/it\/spiagge\/golden-beach-spiaggia\/\" \/>\n<meta property=\"og:site_name\" content=\"Paros Appartamenti - Paros suite - Paros ville - Affitti\" \/>\n<meta property=\"article:publisher\" content=\"https:\/\/www.facebook.com\/panosluxuryparos\/\" \/>\n<meta property=\"article:modified_time\" content=\"2022-10-09T13:20:19+00:00\" \/>\n<meta property=\"og:image\" content=\"https:\/\/parosapartmentspanos.com\/it\/wp-content\/uploads\/2019\/09\/1.jpg\" \/>\n\t<meta property=\"og:image:width\" content=\"1000\" \/>\n\t<meta property=\"og:image:height\" content=\"1000\" \/>\n\t<meta property=\"og:image:type\" content=\"image\/jpeg\" \/>\n<meta name=\"twitter:label1\" content=\"Tempo di lettura stimato\" \/>\n\t<meta name=\"twitter:data1\" content=\"1 minuto\" \/>\n<script type=\"application\/ld+json\" class=\"yoast-schema-graph\">{\"@context\":\"https:\/\/schema.org\",\"@graph\":[{\"@type\":\"WebPage\",\"@id\":\"https:\/\/parosapartmentspanos.com\/it\/spiagge\/golden-beach-spiaggia\/\",\"url\":\"https:\/\/parosapartmentspanos.com\/it\/spiagge\/golden-beach-spiaggia\/\",\"name\":\"Golden Beach a Paro - Spiagge a Paro\",\"isPartOf\":{\"@id\":\"https:\/\/parosapartmentspanos.com\/it\/#website\"},\"primaryImageOfPage\":{\"@id\":\"https:\/\/parosapartmentspanos.com\/it\/spiagge\/golden-beach-spiaggia\/#primaryimage\"},\"image\":{\"@id\":\"https:\/\/parosapartmentspanos.com\/it\/spiagge\/golden-beach-spiaggia\/#primaryimage\"},\"thumbnailUrl\":\"https:\/\/parosapartmentspanos.com\/it\/wp-content\/uploads\/2019\/09\/1.jpg\",\"datePublished\":\"2019-09-17T12:20:28+00:00\",\"dateModified\":\"2022-10-09T13:20:19+00:00\",\"description\":\"Golden Beach \u00e8 una delle spiagge pi\u00f9 famose e cosmopolite di Paros. \u00c8 una destinazione popolare per il windsurf e il kitesurf.\",\"breadcrumb\":{\"@id\":\"https:\/\/parosapartmentspanos.com\/it\/spiagge\/golden-beach-spiaggia\/#breadcrumb\"},\"inLanguage\":\"it-IT\",\"potentialAction\":[{\"@type\":\"ReadAction\",\"target\":[\"https:\/\/parosapartmentspanos.com\/it\/spiagge\/golden-beach-spiaggia\/\"]}]},{\"@type\":\"ImageObject\",\"inLanguage\":\"it-IT\",\"@id\":\"https:\/\/parosapartmentspanos.com\/it\/spiagge\/golden-beach-spiaggia\/#primaryimage\",\"url\":\"https:\/\/parosapartmentspanos.com\/it\/wp-content\/uploads\/2019\/09\/1.jpg\",\"contentUrl\":\"https:\/\/parosapartmentspanos.com\/it\/wp-content\/uploads\/2019\/09\/1.jpg\",\"width\":1000,\"height\":1000,\"caption\":\"Golden Beach a Paros\"},{\"@type\":\"BreadcrumbList\",\"@id\":\"https:\/\/parosapartmentspanos.com\/it\/spiagge\/golden-beach-spiaggia\/#breadcrumb\",\"itemListElement\":[{\"@type\":\"ListItem\",\"position\":1,\"name\":\"Home\",\"item\":\"https:\/\/parosapartmentspanos.com\/it\/\"},{\"@type\":\"ListItem\",\"position\":2,\"name\":\"Spiagge\",\"item\":\"https:\/\/parosapartmentspanos.com\/it\/spiagge\/\"},{\"@type\":\"ListItem\",\"position\":3,\"name\":\"Golden Beach Spiaggia\"}]},{\"@type\":\"WebSite\",\"@id\":\"https:\/\/parosapartmentspanos.com\/it\/#website\",\"url\":\"https:\/\/parosapartmentspanos.com\/it\/\",\"name\":\"Paros Appartamenti - Paros suite - Paros ville - Affitti\",\"description\":\"Appartamenti di lusso, suite e ville in affitto a Paros. Suite, appartamenti e ville in affitto a Paros\",\"publisher\":{\"@id\":\"https:\/\/parosapartmentspanos.com\/it\/#organization\"},\"potentialAction\":[{\"@type\":\"SearchAction\",\"target\":{\"@type\":\"EntryPoint\",\"urlTemplate\":\"https:\/\/parosapartmentspanos.com\/it\/?s={search_term_string}\"},\"query-input\":{\"@type\":\"PropertyValueSpecification\",\"valueRequired\":true,\"valueName\":\"search_term_string\"}}],\"inLanguage\":\"it-IT\"},{\"@type\":\"Organization\",\"@id\":\"https:\/\/parosapartmentspanos.com\/it\/#organization\",\"name\":\"Paros Appartamenti - Paros suite - Paros ville - Affitti\",\"url\":\"https:\/\/parosapartmentspanos.com\/it\/\",\"logo\":{\"@type\":\"ImageObject\",\"inLanguage\":\"it-IT\",\"@id\":\"https:\/\/parosapartmentspanos.com\/it\/#\/schema\/logo\/image\/\",\"url\":\"https:\/\/parosapartmentspanos.com\/it\/wp-content\/uploads\/2021\/03\/panos_luxury-190.jpg\",\"contentUrl\":\"https:\/\/parosapartmentspanos.com\/it\/wp-content\/uploads\/2021\/03\/panos_luxury-190.jpg\",\"width\":190,\"height\":86,\"caption\":\"Paros Appartamenti - Paros suite - Paros ville - Affitti\"},\"image\":{\"@id\":\"https:\/\/parosapartmentspanos.com\/it\/#\/schema\/logo\/image\/\"},\"sameAs\":[\"https:\/\/www.facebook.com\/panosluxuryparos\/\",\"https:\/\/x.com\/panosluxury\"]}]}<\/script>\n<!-- \/ Yoast SEO plugin. -->","yoast_head_json":{"title":"Golden Beach a Paro - Spiagge a Paro","description":"Golden Beach \u00e8 una delle spiagge pi\u00f9 famose e cosmopolite di Paros. \u00c8 una destinazione popolare per il windsurf e il kitesurf.","robots":{"index":"index","follow":"follow","max-snippet":"max-snippet:-1","max-image-preview":"max-image-preview:large","max-video-preview":"max-video-preview:-1"},"canonical":"https:\/\/parosapartmentspanos.com\/it\/spiagge\/golden-beach-spiaggia\/","og_locale":"it_IT","og_type":"article","og_title":"Golden Beach a Paro - Spiagge a Paro","og_description":"Golden Beach \u00e8 una delle spiagge pi\u00f9 famose e cosmopolite di Paros. \u00c8 una destinazione popolare per il windsurf e il kitesurf.","og_url":"https:\/\/parosapartmentspanos.com\/it\/spiagge\/golden-beach-spiaggia\/","og_site_name":"Paros Appartamenti - Paros suite - Paros ville - Affitti","article_publisher":"https:\/\/www.facebook.com\/panosluxuryparos\/","article_modified_time":"2022-10-09T13:20:19+00:00","og_image":[{"width":1000,"height":1000,"url":"https:\/\/parosapartmentspanos.com\/it\/wp-content\/uploads\/2019\/09\/1.jpg","type":"image\/jpeg"}],"twitter_misc":{"Tempo di lettura stimato":"1 minuto"},"schema":{"@context":"https:\/\/schema.org","@graph":[{"@type":"WebPage","@id":"https:\/\/parosapartmentspanos.com\/it\/spiagge\/golden-beach-spiaggia\/","url":"https:\/\/parosapartmentspanos.com\/it\/spiagge\/golden-beach-spiaggia\/","name":"Golden Beach a Paro - Spiagge a Paro","isPartOf":{"@id":"https:\/\/parosapartmentspanos.com\/it\/#website"},"primaryImageOfPage":{"@id":"https:\/\/parosapartmentspanos.com\/it\/spiagge\/golden-beach-spiaggia\/#primaryimage"},"image":{"@id":"https:\/\/parosapartmentspanos.com\/it\/spiagge\/golden-beach-spiaggia\/#primaryimage"},"thumbnailUrl":"https:\/\/parosapartmentspanos.com\/it\/wp-content\/uploads\/2019\/09\/1.jpg","datePublished":"2019-09-17T12:20:28+00:00","dateModified":"2022-10-09T13:20:19+00:00","description":"Golden Beach \u00e8 una delle spiagge pi\u00f9 famose e cosmopolite di Paros. \u00c8 una destinazione popolare per il windsurf e il kitesurf.","breadcrumb":{"@id":"https:\/\/parosapartmentspanos.com\/it\/spiagge\/golden-beach-spiaggia\/#breadcrumb"},"inLanguage":"it-IT","potentialAction":[{"@type":"ReadAction","target":["https:\/\/parosapartmentspanos.com\/it\/spiagge\/golden-beach-spiaggia\/"]}]},{"@type":"ImageObject","inLanguage":"it-IT","@id":"https:\/\/parosapartmentspanos.com\/it\/spiagge\/golden-beach-spiaggia\/#primaryimage","url":"https:\/\/parosapartmentspanos.com\/it\/wp-content\/uploads\/2019\/09\/1.jpg","contentUrl":"https:\/\/parosapartmentspanos.com\/it\/wp-content\/uploads\/2019\/09\/1.jpg","width":1000,"height":1000,"caption":"Golden Beach a Paros"},{"@type":"BreadcrumbList","@id":"https:\/\/parosapartmentspanos.com\/it\/spiagge\/golden-beach-spiaggia\/#breadcrumb","itemListElement":[{"@type":"ListItem","position":1,"name":"Home","item":"https:\/\/parosapartmentspanos.com\/it\/"},{"@type":"ListItem","position":2,"name":"Spiagge","item":"https:\/\/parosapartmentspanos.com\/it\/spiagge\/"},{"@type":"ListItem","position":3,"name":"Golden Beach Spiaggia"}]},{"@type":"WebSite","@id":"https:\/\/parosapartmentspanos.com\/it\/#website","url":"https:\/\/parosapartmentspanos.com\/it\/","name":"Paros Appartamenti - Paros suite - Paros ville - Affitti","description":"Appartamenti di lusso, suite e ville in affitto a Paros. Suite, appartamenti e ville in affitto a Paros","publisher":{"@id":"https:\/\/parosapartmentspanos.com\/it\/#organization"},"potentialAction":[{"@type":"SearchAction","target":{"@type":"EntryPoint","urlTemplate":"https:\/\/parosapartmentspanos.com\/it\/?s={search_term_string}"},"query-input":{"@type":"PropertyValueSpecification","valueRequired":true,"valueName":"search_term_string"}}],"inLanguage":"it-IT"},{"@type":"Organization","@id":"https:\/\/parosapartmentspanos.com\/it\/#organization","name":"Paros Appartamenti - Paros suite - Paros ville - Affitti","url":"https:\/\/parosapartmentspanos.com\/it\/","logo":{"@type":"ImageObject","inLanguage":"it-IT","@id":"https:\/\/parosapartmentspanos.com\/it\/#\/schema\/logo\/image\/","url":"https:\/\/parosapartmentspanos.com\/it\/wp-content\/uploads\/2021\/03\/panos_luxury-190.jpg","contentUrl":"https:\/\/parosapartmentspanos.com\/it\/wp-content\/uploads\/2021\/03\/panos_luxury-190.jpg","width":190,"height":86,"caption":"Paros Appartamenti - Paros suite - Paros ville - Affitti"},"image":{"@id":"https:\/\/parosapartmentspanos.com\/it\/#\/schema\/logo\/image\/"},"sameAs":["https:\/\/www.facebook.com\/panosluxuryparos\/","https:\/\/x.com\/panosluxury"]}]}},"_links":{"self":[{"href":"https:\/\/parosapartmentspanos.com\/it\/wp-json\/wp\/v2\/pages\/1583","targetHints":{"allow":["GET"]}}],"collection":[{"href":"https:\/\/parosapartmentspanos.com\/it\/wp-json\/wp\/v2\/pages"}],"about":[{"href":"https:\/\/parosapartmentspanos.com\/it\/wp-json\/wp\/v2\/types\/page"}],"author":[{"embeddable":true,"href":"https:\/\/parosapartmentspanos.com\/it\/wp-json\/wp\/v2\/users\/1"}],"replies":[{"embeddable":true,"href":"https:\/\/parosapartmentspanos.com\/it\/wp-json\/wp\/v2\/comments?post=1583"}],"version-history":[{"count":2,"href":"https:\/\/parosapartmentspanos.com\/it\/wp-json\/wp\/v2\/pages\/1583\/revisions"}],"predecessor-version":[{"id":1594,"href":"https:\/\/parosapartmentspanos.com\/it\/wp-json\/wp\/v2\/pages\/1583\/revisions\/1594"}],"up":[{"embeddable":true,"href":"https:\/\/parosapartmentspanos.com\/it\/wp-json\/wp\/v2\/pages\/2125"}],"wp:featuredmedia":[{"embeddable":true,"href":"https:\/\/parosapartmentspanos.com\/it\/wp-json\/wp\/v2\/media\/1585"}],"wp:attachment":[{"href":"https:\/\/parosapartmentspanos.com\/it\/wp-json\/wp\/v2\/media?parent=1583"}],"curies":[{"name":"wp","href":"https:\/\/api.w.org\/{rel}","templated":true}]}}