{"id":2182,"date":"2020-10-06T12:31:36","date_gmt":"2020-10-06T12:31:36","guid":{"rendered":"https:\/\/parosapartmentspanos.com\/it\/?page_id=2182"},"modified":"2022-11-06T08:13:14","modified_gmt":"2022-11-06T08:13:14","slug":"la-valle-delle-farfale","status":"publish","type":"page","link":"https:\/\/parosapartmentspanos.com\/it\/attrazioni\/la-valle-delle-farfale\/","title":{"rendered":"La Valle delle Farfale"},"content":{"rendered":"<p>Appena pochi minuti a sud di Parikia, nella zona delle farfale, incontriamo\u00a0<strong>la Valle delle Farfale<\/strong>. Questo\u00a0<strong>ambiente piccolo e<\/strong>\u00a0<strong>verdissimo<\/strong>\u00a0\u00e8 in contrasto con il paesaggio secco dell\u2019isola e offre al visitatore la sensazione di camminare in un bosco fitto e tropicale dove l\u2019aria si addensa e il suono dell\u2019<strong>acqua corrente<\/strong>\u00a0\u00e8 presente. Questo piccolo pezzo di terra \u00e8 diventato il luogo di riproduzione di una\u00a0 specie di farfala che si chiama\u00a0<strong>Jersey Tiger.<\/strong>\u00a0Questa specie viene distinta dalle sue righe gialli in forma V sulle ali \u00a0anteriori e il collore rosso vivace con macchie nere sulle ali posteriori.<\/p>\n<p>Producono le loro uova in agosto e passano l\u2019inverno come bruchi per trasformarsi a farfale nei primi mesi di primavera.\u00a0<strong>Le farfale<\/strong>\u00a0<strong>Jersey Tigers<\/strong>\u00a0\u00e8 noto che si riuniscono sulle foglie di edera e sulle rocce ombrose<strong>. La Valle delle Farfale<\/strong>\u00a0con il suo ambiente unico \u00e8 la casa perfetta per questa specie e abitano l\u00ec a migliaia. All\u2019inizio \u00e8 difficile distinguerle ma presto capirete che quello che guardate \u00e8 un tessuto immenso di farfale. E\u2019 veramente\u00a0<strong>un posto tranquillo<\/strong>\u00a0da visitare.<\/p>\n","protected":false},"excerpt":{"rendered":"<p>La Valle delle Farfalle \u00e8 un piccolo pezzo di terra verde dove \u00e8 diventata il terreno fertile per una specie specifica di farfalla chiamata Jersey Tiger.<\/p>\n","protected":false},"author":1,"featured_media":2187,"parent":2122,"menu_order":6,"comment_status":"closed","ping_status":"closed","template":"","meta":{"footnotes":""},"class_list":["post-2182","page","type-page","status-publish","has-post-thumbnail","hentry"],"yoast_head":"<!-- This site is optimized with the Yoast SEO plugin v27.1.1 - https:\/\/yoast.com\/product\/yoast-seo-wordpress\/ -->\n<title>La Valle delle Farfalle - I luoghi pi\u00f9 importanti di Paros<\/title>\n<meta name=\"description\" content=\"La Valle delle Farfalle \u00e8 un piccolo pezzo di terra verde dove \u00e8 diventata il terreno fertile per una specie specifica di farfalla chiamata Jersey Tiger.\" \/>\n<meta name=\"robots\" content=\"index, follow, max-snippet:-1, max-image-preview:large, max-video-preview:-1\" \/>\n<link rel=\"canonical\" href=\"https:\/\/parosapartmentspanos.com\/it\/attrazioni\/la-valle-delle-farfale\/\" \/>\n<meta property=\"og:locale\" content=\"it_IT\" \/>\n<meta property=\"og:type\" content=\"article\" \/>\n<meta property=\"og:title\" content=\"La Valle delle Farfalle - I luoghi pi\u00f9 importanti di Paros\" \/>\n<meta property=\"og:description\" content=\"La Valle delle Farfalle \u00e8 un piccolo pezzo di terra verde dove \u00e8 diventata il terreno fertile per una specie specifica di farfalla chiamata Jersey Tiger.\" \/>\n<meta property=\"og:url\" content=\"https:\/\/parosapartmentspanos.com\/it\/attrazioni\/la-valle-delle-farfale\/\" \/>\n<meta property=\"og:site_name\" content=\"Paros Appartamenti - Paros suite - Paros ville - Affitti\" \/>\n<meta property=\"article:publisher\" content=\"https:\/\/www.facebook.com\/panosluxuryparos\/\" \/>\n<meta property=\"article:modified_time\" content=\"2022-11-06T08:13:14+00:00\" \/>\n<meta property=\"og:image\" content=\"https:\/\/parosapartmentspanos.com\/it\/wp-content\/uploads\/2020\/10\/5-pet.jpg\" \/>\n\t<meta property=\"og:image:width\" content=\"1000\" \/>\n\t<meta property=\"og:image:height\" content=\"1000\" \/>\n\t<meta property=\"og:image:type\" content=\"image\/jpeg\" \/>\n<meta name=\"twitter:label1\" content=\"Tempo di lettura stimato\" \/>\n\t<meta name=\"twitter:data1\" content=\"1 minuto\" \/>\n<script type=\"application\/ld+json\" class=\"yoast-schema-graph\">{\"@context\":\"https:\/\/schema.org\",\"@graph\":[{\"@type\":\"WebPage\",\"@id\":\"https:\/\/parosapartmentspanos.com\/it\/attrazioni\/la-valle-delle-farfale\/\",\"url\":\"https:\/\/parosapartmentspanos.com\/it\/attrazioni\/la-valle-delle-farfale\/\",\"name\":\"La Valle delle Farfalle - I luoghi pi\u00f9 importanti di Paros\",\"isPartOf\":{\"@id\":\"https:\/\/parosapartmentspanos.com\/it\/#website\"},\"primaryImageOfPage\":{\"@id\":\"https:\/\/parosapartmentspanos.com\/it\/attrazioni\/la-valle-delle-farfale\/#primaryimage\"},\"image\":{\"@id\":\"https:\/\/parosapartmentspanos.com\/it\/attrazioni\/la-valle-delle-farfale\/#primaryimage\"},\"thumbnailUrl\":\"https:\/\/parosapartmentspanos.com\/it\/wp-content\/uploads\/2020\/10\/5-pet.jpg\",\"datePublished\":\"2020-10-06T12:31:36+00:00\",\"dateModified\":\"2022-11-06T08:13:14+00:00\",\"description\":\"La Valle delle Farfalle \u00e8 un piccolo pezzo di terra verde dove \u00e8 diventata il terreno fertile per una specie specifica di farfalla chiamata Jersey Tiger.\",\"breadcrumb\":{\"@id\":\"https:\/\/parosapartmentspanos.com\/it\/attrazioni\/la-valle-delle-farfale\/#breadcrumb\"},\"inLanguage\":\"it-IT\",\"potentialAction\":[{\"@type\":\"ReadAction\",\"target\":[\"https:\/\/parosapartmentspanos.com\/it\/attrazioni\/la-valle-delle-farfale\/\"]}]},{\"@type\":\"ImageObject\",\"inLanguage\":\"it-IT\",\"@id\":\"https:\/\/parosapartmentspanos.com\/it\/attrazioni\/la-valle-delle-farfale\/#primaryimage\",\"url\":\"https:\/\/parosapartmentspanos.com\/it\/wp-content\/uploads\/2020\/10\/5-pet.jpg\",\"contentUrl\":\"https:\/\/parosapartmentspanos.com\/it\/wp-content\/uploads\/2020\/10\/5-pet.jpg\",\"width\":1000,\"height\":1000,\"caption\":\"La Valle delle Farfale\"},{\"@type\":\"BreadcrumbList\",\"@id\":\"https:\/\/parosapartmentspanos.com\/it\/attrazioni\/la-valle-delle-farfale\/#breadcrumb\",\"itemListElement\":[{\"@type\":\"ListItem\",\"position\":1,\"name\":\"Home\",\"item\":\"https:\/\/parosapartmentspanos.com\/it\/\"},{\"@type\":\"ListItem\",\"position\":2,\"name\":\"Attrazioni\",\"item\":\"https:\/\/parosapartmentspanos.com\/it\/attrazioni\/\"},{\"@type\":\"ListItem\",\"position\":3,\"name\":\"La Valle delle Farfale\"}]},{\"@type\":\"WebSite\",\"@id\":\"https:\/\/parosapartmentspanos.com\/it\/#website\",\"url\":\"https:\/\/parosapartmentspanos.com\/it\/\",\"name\":\"Paros Appartamenti - Paros suite - Paros ville - Affitti\",\"description\":\"Appartamenti di lusso, suite e ville in affitto a Paros. Suite, appartamenti e ville in affitto a Paros\",\"publisher\":{\"@id\":\"https:\/\/parosapartmentspanos.com\/it\/#organization\"},\"potentialAction\":[{\"@type\":\"SearchAction\",\"target\":{\"@type\":\"EntryPoint\",\"urlTemplate\":\"https:\/\/parosapartmentspanos.com\/it\/?s={search_term_string}\"},\"query-input\":{\"@type\":\"PropertyValueSpecification\",\"valueRequired\":true,\"valueName\":\"search_term_string\"}}],\"inLanguage\":\"it-IT\"},{\"@type\":\"Organization\",\"@id\":\"https:\/\/parosapartmentspanos.com\/it\/#organization\",\"name\":\"Paros Appartamenti - Paros suite - Paros ville - Affitti\",\"url\":\"https:\/\/parosapartmentspanos.com\/it\/\",\"logo\":{\"@type\":\"ImageObject\",\"inLanguage\":\"it-IT\",\"@id\":\"https:\/\/parosapartmentspanos.com\/it\/#\/schema\/logo\/image\/\",\"url\":\"https:\/\/parosapartmentspanos.com\/it\/wp-content\/uploads\/2021\/03\/panos_luxury-190.jpg\",\"contentUrl\":\"https:\/\/parosapartmentspanos.com\/it\/wp-content\/uploads\/2021\/03\/panos_luxury-190.jpg\",\"width\":190,\"height\":86,\"caption\":\"Paros Appartamenti - Paros suite - Paros ville - Affitti\"},\"image\":{\"@id\":\"https:\/\/parosapartmentspanos.com\/it\/#\/schema\/logo\/image\/\"},\"sameAs\":[\"https:\/\/www.facebook.com\/panosluxuryparos\/\",\"https:\/\/x.com\/panosluxury\"]}]}<\/script>\n<!-- \/ Yoast SEO plugin. -->","yoast_head_json":{"title":"La Valle delle Farfalle - I luoghi pi\u00f9 importanti di Paros","description":"La Valle delle Farfalle \u00e8 un piccolo pezzo di terra verde dove \u00e8 diventata il terreno fertile per una specie specifica di farfalla chiamata Jersey Tiger.","robots":{"index":"index","follow":"follow","max-snippet":"max-snippet:-1","max-image-preview":"max-image-preview:large","max-video-preview":"max-video-preview:-1"},"canonical":"https:\/\/parosapartmentspanos.com\/it\/attrazioni\/la-valle-delle-farfale\/","og_locale":"it_IT","og_type":"article","og_title":"La Valle delle Farfalle - I luoghi pi\u00f9 importanti di Paros","og_description":"La Valle delle Farfalle \u00e8 un piccolo pezzo di terra verde dove \u00e8 diventata il terreno fertile per una specie specifica di farfalla chiamata Jersey Tiger.","og_url":"https:\/\/parosapartmentspanos.com\/it\/attrazioni\/la-valle-delle-farfale\/","og_site_name":"Paros Appartamenti - Paros suite - Paros ville - Affitti","article_publisher":"https:\/\/www.facebook.com\/panosluxuryparos\/","article_modified_time":"2022-11-06T08:13:14+00:00","og_image":[{"width":1000,"height":1000,"url":"https:\/\/parosapartmentspanos.com\/it\/wp-content\/uploads\/2020\/10\/5-pet.jpg","type":"image\/jpeg"}],"twitter_misc":{"Tempo di lettura stimato":"1 minuto"},"schema":{"@context":"https:\/\/schema.org","@graph":[{"@type":"WebPage","@id":"https:\/\/parosapartmentspanos.com\/it\/attrazioni\/la-valle-delle-farfale\/","url":"https:\/\/parosapartmentspanos.com\/it\/attrazioni\/la-valle-delle-farfale\/","name":"La Valle delle Farfalle - I luoghi pi\u00f9 importanti di Paros","isPartOf":{"@id":"https:\/\/parosapartmentspanos.com\/it\/#website"},"primaryImageOfPage":{"@id":"https:\/\/parosapartmentspanos.com\/it\/attrazioni\/la-valle-delle-farfale\/#primaryimage"},"image":{"@id":"https:\/\/parosapartmentspanos.com\/it\/attrazioni\/la-valle-delle-farfale\/#primaryimage"},"thumbnailUrl":"https:\/\/parosapartmentspanos.com\/it\/wp-content\/uploads\/2020\/10\/5-pet.jpg","datePublished":"2020-10-06T12:31:36+00:00","dateModified":"2022-11-06T08:13:14+00:00","description":"La Valle delle Farfalle \u00e8 un piccolo pezzo di terra verde dove \u00e8 diventata il terreno fertile per una specie specifica di farfalla chiamata Jersey Tiger.","breadcrumb":{"@id":"https:\/\/parosapartmentspanos.com\/it\/attrazioni\/la-valle-delle-farfale\/#breadcrumb"},"inLanguage":"it-IT","potentialAction":[{"@type":"ReadAction","target":["https:\/\/parosapartmentspanos.com\/it\/attrazioni\/la-valle-delle-farfale\/"]}]},{"@type":"ImageObject","inLanguage":"it-IT","@id":"https:\/\/parosapartmentspanos.com\/it\/attrazioni\/la-valle-delle-farfale\/#primaryimage","url":"https:\/\/parosapartmentspanos.com\/it\/wp-content\/uploads\/2020\/10\/5-pet.jpg","contentUrl":"https:\/\/parosapartmentspanos.com\/it\/wp-content\/uploads\/2020\/10\/5-pet.jpg","width":1000,"height":1000,"caption":"La Valle delle Farfale"},{"@type":"BreadcrumbList","@id":"https:\/\/parosapartmentspanos.com\/it\/attrazioni\/la-valle-delle-farfale\/#breadcrumb","itemListElement":[{"@type":"ListItem","position":1,"name":"Home","item":"https:\/\/parosapartmentspanos.com\/it\/"},{"@type":"ListItem","position":2,"name":"Attrazioni","item":"https:\/\/parosapartmentspanos.com\/it\/attrazioni\/"},{"@type":"ListItem","position":3,"name":"La Valle delle Farfale"}]},{"@type":"WebSite","@id":"https:\/\/parosapartmentspanos.com\/it\/#website","url":"https:\/\/parosapartmentspanos.com\/it\/","name":"Paros Appartamenti - Paros suite - Paros ville - Affitti","description":"Appartamenti di lusso, suite e ville in affitto a Paros. Suite, appartamenti e ville in affitto a Paros","publisher":{"@id":"https:\/\/parosapartmentspanos.com\/it\/#organization"},"potentialAction":[{"@type":"SearchAction","target":{"@type":"EntryPoint","urlTemplate":"https:\/\/parosapartmentspanos.com\/it\/?s={search_term_string}"},"query-input":{"@type":"PropertyValueSpecification","valueRequired":true,"valueName":"search_term_string"}}],"inLanguage":"it-IT"},{"@type":"Organization","@id":"https:\/\/parosapartmentspanos.com\/it\/#organization","name":"Paros Appartamenti - Paros suite - Paros ville - Affitti","url":"https:\/\/parosapartmentspanos.com\/it\/","logo":{"@type":"ImageObject","inLanguage":"it-IT","@id":"https:\/\/parosapartmentspanos.com\/it\/#\/schema\/logo\/image\/","url":"https:\/\/parosapartmentspanos.com\/it\/wp-content\/uploads\/2021\/03\/panos_luxury-190.jpg","contentUrl":"https:\/\/parosapartmentspanos.com\/it\/wp-content\/uploads\/2021\/03\/panos_luxury-190.jpg","width":190,"height":86,"caption":"Paros Appartamenti - Paros suite - Paros ville - Affitti"},"image":{"@id":"https:\/\/parosapartmentspanos.com\/it\/#\/schema\/logo\/image\/"},"sameAs":["https:\/\/www.facebook.com\/panosluxuryparos\/","https:\/\/x.com\/panosluxury"]}]}},"_links":{"self":[{"href":"https:\/\/parosapartmentspanos.com\/it\/wp-json\/wp\/v2\/pages\/2182","targetHints":{"allow":["GET"]}}],"collection":[{"href":"https:\/\/parosapartmentspanos.com\/it\/wp-json\/wp\/v2\/pages"}],"about":[{"href":"https:\/\/parosapartmentspanos.com\/it\/wp-json\/wp\/v2\/types\/page"}],"author":[{"embeddable":true,"href":"https:\/\/parosapartmentspanos.com\/it\/wp-json\/wp\/v2\/users\/1"}],"replies":[{"embeddable":true,"href":"https:\/\/parosapartmentspanos.com\/it\/wp-json\/wp\/v2\/comments?post=2182"}],"version-history":[{"count":2,"href":"https:\/\/parosapartmentspanos.com\/it\/wp-json\/wp\/v2\/pages\/2182\/revisions"}],"predecessor-version":[{"id":2543,"href":"https:\/\/parosapartmentspanos.com\/it\/wp-json\/wp\/v2\/pages\/2182\/revisions\/2543"}],"up":[{"embeddable":true,"href":"https:\/\/parosapartmentspanos.com\/it\/wp-json\/wp\/v2\/pages\/2122"}],"wp:featuredmedia":[{"embeddable":true,"href":"https:\/\/parosapartmentspanos.com\/it\/wp-json\/wp\/v2\/media\/2187"}],"wp:attachment":[{"href":"https:\/\/parosapartmentspanos.com\/it\/wp-json\/wp\/v2\/media?parent=2182"}],"curies":[{"name":"wp","href":"https:\/\/api.w.org\/{rel}","templated":true}]}}