{"id":2206,"date":"2021-02-04T05:22:54","date_gmt":"2021-02-04T05:22:54","guid":{"rendered":"https:\/\/parosapartmentspanos.com\/it\/?page_id=2206"},"modified":"2021-02-04T05:52:50","modified_gmt":"2021-02-04T05:52:50","slug":"parikia","status":"publish","type":"page","link":"https:\/\/parosapartmentspanos.com\/it\/destinazioni\/parikia\/","title":{"rendered":"Parikia"},"content":{"rendered":"<p>Il capoluogo dell\u2019isola Parikia, \u00e8 l\u2019unico porto commerciale e per passeggeri di Paros. Parikia combina l\u2019immagine turistica moderna con l\u2019elemento tradizionale delle Cicladi. Nella citt\u00e0 di Parikia si trovano molte attrazioni notevoli come la Panaghia Ekatodapiliani, il Castello Franco, il museo archeologico, il cimitero antico e i mulini a vento. Tutte le attrazioni sopraelencate sono accessibili ai turisti.<\/p>\n<p>Un\u2019attrazione importante \u00e8 il mercato di Parikia con i vicoli bellissimi e tradizionali, dove quasi ogni ora del giorno \u00e8 pieno di gente. Case di pietra, negozi molto belli e gente ospitale sono solo alcune delle cose che incontrerete passeggiando per i vicoli.<\/p>\n<p>Molti ristoranti e trattorie con ricette della cucina locale possono promettervi cibo delizioso. Inoltre potete trovare bar con musica greca e sraniera e locali con musica dal vivo che vi promettono momenti indimenticabili.<\/p>\n","protected":false},"excerpt":{"rendered":"<p>Il capoluogo dell\u2019isola Parikia, \u00e8 l\u2019unico porto commerciale e per passeggeri di Paros. Parikia combina l\u2019immagine turistica moderna con l\u2019elemento tradizionale delle Cicladi. Nella citt\u00e0 di Parikia si trovano molte attrazioni notevoli come la Panaghia Ekatodapiliani, il Castello Franco, il museo archeologico, il cimitero antico e i mulini a vento. Tutte le attrazioni sopraelencate sono accessibili ai turisti. Un\u2019attrazione importante \u00e8 il mercato di Parikia con i vicoli bellissimi e tradizionali, dove quasi ogni ora del giorno \u00e8 pieno di gente. Case di pietra, negozi molto belli e gente ospitale sono solo alcune delle cose che incontrerete passeggiando per i vicoli. Molti ristoranti e trattorie con ricette della cucina locale&hellip;<\/p>\n","protected":false},"author":1,"featured_media":2212,"parent":2204,"menu_order":0,"comment_status":"closed","ping_status":"closed","template":"page-templates\/room.php","meta":{"footnotes":""},"class_list":["post-2206","page","type-page","status-publish","has-post-thumbnail","hentry"],"yoast_head":"<!-- This site is optimized with the Yoast SEO plugin v27.1.1 - https:\/\/yoast.com\/product\/yoast-seo-wordpress\/ -->\n<title>Parikia \u2013 Il capoluogo di Paros<\/title>\n<meta name=\"description\" content=\"Parikia \u00e8 il capoluogo di Paros e il centro di tutte le attivit\u00e0. Qu\u00ec si trova il porto commerciale e per passeggeri dell\u2019isola, il centro amministrativo e finanziario, una citt\u00e0 moderna centrata sul turismo.\" \/>\n<meta name=\"robots\" content=\"index, follow, max-snippet:-1, max-image-preview:large, max-video-preview:-1\" \/>\n<link rel=\"canonical\" href=\"https:\/\/parosapartmentspanos.com\/it\/destinazioni\/parikia\/\" \/>\n<meta property=\"og:locale\" content=\"it_IT\" \/>\n<meta property=\"og:type\" content=\"article\" \/>\n<meta property=\"og:title\" content=\"Parikia \u2013 Il capoluogo di Paros\" \/>\n<meta property=\"og:description\" content=\"Parikia \u00e8 il capoluogo di Paros e il centro di tutte le attivit\u00e0. Qu\u00ec si trova il porto commerciale e per passeggeri dell\u2019isola, il centro amministrativo e finanziario, una citt\u00e0 moderna centrata sul turismo.\" \/>\n<meta property=\"og:url\" content=\"https:\/\/parosapartmentspanos.com\/it\/destinazioni\/parikia\/\" \/>\n<meta property=\"og:site_name\" content=\"Paros Appartamenti - Paros suite - Paros ville - Affitti\" \/>\n<meta property=\"article:publisher\" content=\"https:\/\/www.facebook.com\/panosluxuryparos\/\" \/>\n<meta property=\"article:modified_time\" content=\"2021-02-04T05:52:50+00:00\" \/>\n<meta property=\"og:image\" content=\"https:\/\/parosapartmentspanos.com\/it\/wp-content\/uploads\/2021\/02\/4.jpg\" \/>\n\t<meta property=\"og:image:width\" content=\"1000\" \/>\n\t<meta property=\"og:image:height\" content=\"960\" \/>\n\t<meta property=\"og:image:type\" content=\"image\/jpeg\" \/>\n<meta name=\"twitter:label1\" content=\"Tempo di lettura stimato\" \/>\n\t<meta name=\"twitter:data1\" content=\"1 minuto\" \/>\n<script type=\"application\/ld+json\" class=\"yoast-schema-graph\">{\"@context\":\"https:\/\/schema.org\",\"@graph\":[{\"@type\":\"WebPage\",\"@id\":\"https:\/\/parosapartmentspanos.com\/it\/destinazioni\/parikia\/\",\"url\":\"https:\/\/parosapartmentspanos.com\/it\/destinazioni\/parikia\/\",\"name\":\"Parikia \u2013 Il capoluogo di Paros\",\"isPartOf\":{\"@id\":\"https:\/\/parosapartmentspanos.com\/it\/#website\"},\"primaryImageOfPage\":{\"@id\":\"https:\/\/parosapartmentspanos.com\/it\/destinazioni\/parikia\/#primaryimage\"},\"image\":{\"@id\":\"https:\/\/parosapartmentspanos.com\/it\/destinazioni\/parikia\/#primaryimage\"},\"thumbnailUrl\":\"https:\/\/parosapartmentspanos.com\/it\/wp-content\/uploads\/2021\/02\/4.jpg\",\"datePublished\":\"2021-02-04T05:22:54+00:00\",\"dateModified\":\"2021-02-04T05:52:50+00:00\",\"description\":\"Parikia \u00e8 il capoluogo di Paros e il centro di tutte le attivit\u00e0. Qu\u00ec si trova il porto commerciale e per passeggeri dell\u2019isola, il centro amministrativo e finanziario, una citt\u00e0 moderna centrata sul turismo.\",\"breadcrumb\":{\"@id\":\"https:\/\/parosapartmentspanos.com\/it\/destinazioni\/parikia\/#breadcrumb\"},\"inLanguage\":\"it-IT\",\"potentialAction\":[{\"@type\":\"ReadAction\",\"target\":[\"https:\/\/parosapartmentspanos.com\/it\/destinazioni\/parikia\/\"]}]},{\"@type\":\"ImageObject\",\"inLanguage\":\"it-IT\",\"@id\":\"https:\/\/parosapartmentspanos.com\/it\/destinazioni\/parikia\/#primaryimage\",\"url\":\"https:\/\/parosapartmentspanos.com\/it\/wp-content\/uploads\/2021\/02\/4.jpg\",\"contentUrl\":\"https:\/\/parosapartmentspanos.com\/it\/wp-content\/uploads\/2021\/02\/4.jpg\",\"width\":1000,\"height\":960,\"caption\":\"Parikia \u2013 Il capoluogo di Paros\"},{\"@type\":\"BreadcrumbList\",\"@id\":\"https:\/\/parosapartmentspanos.com\/it\/destinazioni\/parikia\/#breadcrumb\",\"itemListElement\":[{\"@type\":\"ListItem\",\"position\":1,\"name\":\"Home\",\"item\":\"https:\/\/parosapartmentspanos.com\/it\/\"},{\"@type\":\"ListItem\",\"position\":2,\"name\":\"Destinazioni\",\"item\":\"https:\/\/parosapartmentspanos.com\/it\/destinazioni\/\"},{\"@type\":\"ListItem\",\"position\":3,\"name\":\"Parikia\"}]},{\"@type\":\"WebSite\",\"@id\":\"https:\/\/parosapartmentspanos.com\/it\/#website\",\"url\":\"https:\/\/parosapartmentspanos.com\/it\/\",\"name\":\"Paros Appartamenti - Paros suite - Paros ville - Affitti\",\"description\":\"Appartamenti di lusso, suite e ville in affitto a Paros. Suite, appartamenti e ville in affitto a Paros\",\"publisher\":{\"@id\":\"https:\/\/parosapartmentspanos.com\/it\/#organization\"},\"potentialAction\":[{\"@type\":\"SearchAction\",\"target\":{\"@type\":\"EntryPoint\",\"urlTemplate\":\"https:\/\/parosapartmentspanos.com\/it\/?s={search_term_string}\"},\"query-input\":{\"@type\":\"PropertyValueSpecification\",\"valueRequired\":true,\"valueName\":\"search_term_string\"}}],\"inLanguage\":\"it-IT\"},{\"@type\":\"Organization\",\"@id\":\"https:\/\/parosapartmentspanos.com\/it\/#organization\",\"name\":\"Paros Appartamenti - Paros suite - Paros ville - Affitti\",\"url\":\"https:\/\/parosapartmentspanos.com\/it\/\",\"logo\":{\"@type\":\"ImageObject\",\"inLanguage\":\"it-IT\",\"@id\":\"https:\/\/parosapartmentspanos.com\/it\/#\/schema\/logo\/image\/\",\"url\":\"https:\/\/parosapartmentspanos.com\/it\/wp-content\/uploads\/2021\/03\/panos_luxury-190.jpg\",\"contentUrl\":\"https:\/\/parosapartmentspanos.com\/it\/wp-content\/uploads\/2021\/03\/panos_luxury-190.jpg\",\"width\":190,\"height\":86,\"caption\":\"Paros Appartamenti - Paros suite - Paros ville - Affitti\"},\"image\":{\"@id\":\"https:\/\/parosapartmentspanos.com\/it\/#\/schema\/logo\/image\/\"},\"sameAs\":[\"https:\/\/www.facebook.com\/panosluxuryparos\/\",\"https:\/\/x.com\/panosluxury\"]}]}<\/script>\n<!-- \/ Yoast SEO plugin. -->","yoast_head_json":{"title":"Parikia \u2013 Il capoluogo di Paros","description":"Parikia \u00e8 il capoluogo di Paros e il centro di tutte le attivit\u00e0. Qu\u00ec si trova il porto commerciale e per passeggeri dell\u2019isola, il centro amministrativo e finanziario, una citt\u00e0 moderna centrata sul turismo.","robots":{"index":"index","follow":"follow","max-snippet":"max-snippet:-1","max-image-preview":"max-image-preview:large","max-video-preview":"max-video-preview:-1"},"canonical":"https:\/\/parosapartmentspanos.com\/it\/destinazioni\/parikia\/","og_locale":"it_IT","og_type":"article","og_title":"Parikia \u2013 Il capoluogo di Paros","og_description":"Parikia \u00e8 il capoluogo di Paros e il centro di tutte le attivit\u00e0. Qu\u00ec si trova il porto commerciale e per passeggeri dell\u2019isola, il centro amministrativo e finanziario, una citt\u00e0 moderna centrata sul turismo.","og_url":"https:\/\/parosapartmentspanos.com\/it\/destinazioni\/parikia\/","og_site_name":"Paros Appartamenti - Paros suite - Paros ville - Affitti","article_publisher":"https:\/\/www.facebook.com\/panosluxuryparos\/","article_modified_time":"2021-02-04T05:52:50+00:00","og_image":[{"width":1000,"height":960,"url":"https:\/\/parosapartmentspanos.com\/it\/wp-content\/uploads\/2021\/02\/4.jpg","type":"image\/jpeg"}],"twitter_misc":{"Tempo di lettura stimato":"1 minuto"},"schema":{"@context":"https:\/\/schema.org","@graph":[{"@type":"WebPage","@id":"https:\/\/parosapartmentspanos.com\/it\/destinazioni\/parikia\/","url":"https:\/\/parosapartmentspanos.com\/it\/destinazioni\/parikia\/","name":"Parikia \u2013 Il capoluogo di Paros","isPartOf":{"@id":"https:\/\/parosapartmentspanos.com\/it\/#website"},"primaryImageOfPage":{"@id":"https:\/\/parosapartmentspanos.com\/it\/destinazioni\/parikia\/#primaryimage"},"image":{"@id":"https:\/\/parosapartmentspanos.com\/it\/destinazioni\/parikia\/#primaryimage"},"thumbnailUrl":"https:\/\/parosapartmentspanos.com\/it\/wp-content\/uploads\/2021\/02\/4.jpg","datePublished":"2021-02-04T05:22:54+00:00","dateModified":"2021-02-04T05:52:50+00:00","description":"Parikia \u00e8 il capoluogo di Paros e il centro di tutte le attivit\u00e0. Qu\u00ec si trova il porto commerciale e per passeggeri dell\u2019isola, il centro amministrativo e finanziario, una citt\u00e0 moderna centrata sul turismo.","breadcrumb":{"@id":"https:\/\/parosapartmentspanos.com\/it\/destinazioni\/parikia\/#breadcrumb"},"inLanguage":"it-IT","potentialAction":[{"@type":"ReadAction","target":["https:\/\/parosapartmentspanos.com\/it\/destinazioni\/parikia\/"]}]},{"@type":"ImageObject","inLanguage":"it-IT","@id":"https:\/\/parosapartmentspanos.com\/it\/destinazioni\/parikia\/#primaryimage","url":"https:\/\/parosapartmentspanos.com\/it\/wp-content\/uploads\/2021\/02\/4.jpg","contentUrl":"https:\/\/parosapartmentspanos.com\/it\/wp-content\/uploads\/2021\/02\/4.jpg","width":1000,"height":960,"caption":"Parikia \u2013 Il capoluogo di Paros"},{"@type":"BreadcrumbList","@id":"https:\/\/parosapartmentspanos.com\/it\/destinazioni\/parikia\/#breadcrumb","itemListElement":[{"@type":"ListItem","position":1,"name":"Home","item":"https:\/\/parosapartmentspanos.com\/it\/"},{"@type":"ListItem","position":2,"name":"Destinazioni","item":"https:\/\/parosapartmentspanos.com\/it\/destinazioni\/"},{"@type":"ListItem","position":3,"name":"Parikia"}]},{"@type":"WebSite","@id":"https:\/\/parosapartmentspanos.com\/it\/#website","url":"https:\/\/parosapartmentspanos.com\/it\/","name":"Paros Appartamenti - Paros suite - Paros ville - Affitti","description":"Appartamenti di lusso, suite e ville in affitto a Paros. Suite, appartamenti e ville in affitto a Paros","publisher":{"@id":"https:\/\/parosapartmentspanos.com\/it\/#organization"},"potentialAction":[{"@type":"SearchAction","target":{"@type":"EntryPoint","urlTemplate":"https:\/\/parosapartmentspanos.com\/it\/?s={search_term_string}"},"query-input":{"@type":"PropertyValueSpecification","valueRequired":true,"valueName":"search_term_string"}}],"inLanguage":"it-IT"},{"@type":"Organization","@id":"https:\/\/parosapartmentspanos.com\/it\/#organization","name":"Paros Appartamenti - Paros suite - Paros ville - Affitti","url":"https:\/\/parosapartmentspanos.com\/it\/","logo":{"@type":"ImageObject","inLanguage":"it-IT","@id":"https:\/\/parosapartmentspanos.com\/it\/#\/schema\/logo\/image\/","url":"https:\/\/parosapartmentspanos.com\/it\/wp-content\/uploads\/2021\/03\/panos_luxury-190.jpg","contentUrl":"https:\/\/parosapartmentspanos.com\/it\/wp-content\/uploads\/2021\/03\/panos_luxury-190.jpg","width":190,"height":86,"caption":"Paros Appartamenti - Paros suite - Paros ville - Affitti"},"image":{"@id":"https:\/\/parosapartmentspanos.com\/it\/#\/schema\/logo\/image\/"},"sameAs":["https:\/\/www.facebook.com\/panosluxuryparos\/","https:\/\/x.com\/panosluxury"]}]}},"_links":{"self":[{"href":"https:\/\/parosapartmentspanos.com\/it\/wp-json\/wp\/v2\/pages\/2206","targetHints":{"allow":["GET"]}}],"collection":[{"href":"https:\/\/parosapartmentspanos.com\/it\/wp-json\/wp\/v2\/pages"}],"about":[{"href":"https:\/\/parosapartmentspanos.com\/it\/wp-json\/wp\/v2\/types\/page"}],"author":[{"embeddable":true,"href":"https:\/\/parosapartmentspanos.com\/it\/wp-json\/wp\/v2\/users\/1"}],"replies":[{"embeddable":true,"href":"https:\/\/parosapartmentspanos.com\/it\/wp-json\/wp\/v2\/comments?post=2206"}],"version-history":[{"count":1,"href":"https:\/\/parosapartmentspanos.com\/it\/wp-json\/wp\/v2\/pages\/2206\/revisions"}],"predecessor-version":[{"id":2207,"href":"https:\/\/parosapartmentspanos.com\/it\/wp-json\/wp\/v2\/pages\/2206\/revisions\/2207"}],"up":[{"embeddable":true,"href":"https:\/\/parosapartmentspanos.com\/it\/wp-json\/wp\/v2\/pages\/2204"}],"wp:featuredmedia":[{"embeddable":true,"href":"https:\/\/parosapartmentspanos.com\/it\/wp-json\/wp\/v2\/media\/2212"}],"wp:attachment":[{"href":"https:\/\/parosapartmentspanos.com\/it\/wp-json\/wp\/v2\/media?parent=2206"}],"curies":[{"name":"wp","href":"https:\/\/api.w.org\/{rel}","templated":true}]}}