{"id":2216,"date":"2021-03-05T05:43:51","date_gmt":"2021-03-05T05:43:51","guid":{"rendered":"https:\/\/parosapartmentspanos.com\/it\/?page_id=2216"},"modified":"2021-10-17T05:25:04","modified_gmt":"2021-10-17T05:25:04","slug":"naousa","status":"publish","type":"page","link":"https:\/\/parosapartmentspanos.com\/it\/destinazioni\/naousa\/","title":{"rendered":"Naousa"},"content":{"rendered":"<p>Ad una distanza di 8km a est da Parikia incontriamo un\u2019altra destinazione molto popolare, Naousa. Naousa \u00e8 il villaggio pi\u00f9 cosmopolita di Paros, con un\u2019intensa vita notturna ed \u00e8 uno dei pi\u00f9 importanti villaggi di pescatori dell\u2019isola.<\/p>\n<p>Naousa \u00e8 una base per molte imbarcazioni da diporto in quanto il suo golfo \u00e8 protetto da Nord. Nonostante il grande sviluppo turistico il pitttoresco della citt\u00e0 non si \u00e8 perso. Nel porto di Na\u03bfusa, o dei pirati come era chiamato prima, troverete il castello veneziano.<\/p>\n<p>Camminando un \u2018po pi\u00f9 avanti tra i vicoli pittoreschi troverete molte trattorie e bar \u2013 caffetterie \u00a0che nella stagione estiva sono affollati.<\/p>\n","protected":false},"excerpt":{"rendered":"<p>Ad una distanza di 8km a est da Parikia incontriamo un\u2019altra destinazione molto popolare, Naousa. Naousa \u00e8 il villaggio pi\u00f9 cosmopolita di Paros, con un\u2019intensa vita notturna ed \u00e8 uno dei pi\u00f9 importanti villaggi di pescatori dell\u2019isola. Naousa \u00e8 una base per molte imbarcazioni da diporto in quanto il suo golfo \u00e8 protetto da Nord. Nonostante il grande sviluppo turistico il pitttoresco della citt\u00e0 non si \u00e8 perso. Nel porto di Na\u03bfusa, o dei pirati come era chiamato prima, troverete il castello veneziano. Camminando un \u2018po pi\u00f9 avanti tra i vicoli pittoreschi troverete molte trattorie e bar \u2013 caffetterie \u00a0che nella stagione estiva sono affollati.<\/p>\n","protected":false},"author":1,"featured_media":2218,"parent":2204,"menu_order":0,"comment_status":"closed","ping_status":"closed","template":"","meta":{"footnotes":""},"class_list":["post-2216","page","type-page","status-publish","has-post-thumbnail","hentry"],"yoast_head":"<!-- This site is optimized with the Yoast SEO plugin v27.1.1 - https:\/\/yoast.com\/product\/yoast-seo-wordpress\/ -->\n<title>Naousa \u2013 Il villaggio pi\u00f9 cosmopolita di Paros<\/title>\n<meta name=\"description\" content=\"Naousa \u00e8 il villaggio pi\u00f9 cosmopolita di Paros, con un\u2019intensa vita notturna ed \u00e8 uno dei pi\u00f9 importanti villaggi di pescatori dell\u2019isola.\" \/>\n<meta name=\"robots\" content=\"index, follow, max-snippet:-1, max-image-preview:large, max-video-preview:-1\" \/>\n<link rel=\"canonical\" href=\"https:\/\/parosapartmentspanos.com\/it\/destinazioni\/naousa\/\" \/>\n<meta property=\"og:locale\" content=\"it_IT\" \/>\n<meta property=\"og:type\" content=\"article\" \/>\n<meta property=\"og:title\" content=\"Naousa \u2013 Il villaggio pi\u00f9 cosmopolita di Paros\" \/>\n<meta property=\"og:description\" content=\"Naousa \u00e8 il villaggio pi\u00f9 cosmopolita di Paros, con un\u2019intensa vita notturna ed \u00e8 uno dei pi\u00f9 importanti villaggi di pescatori dell\u2019isola.\" \/>\n<meta property=\"og:url\" content=\"https:\/\/parosapartmentspanos.com\/it\/destinazioni\/naousa\/\" \/>\n<meta property=\"og:site_name\" content=\"Paros Appartamenti - Paros suite - Paros ville - Affitti\" \/>\n<meta property=\"article:publisher\" content=\"https:\/\/www.facebook.com\/panosluxuryparos\/\" \/>\n<meta property=\"article:modified_time\" content=\"2021-10-17T05:25:04+00:00\" \/>\n<meta property=\"og:image\" content=\"https:\/\/parosapartmentspanos.com\/it\/wp-content\/uploads\/2021\/03\/naousa-1000-1000.jpg\" \/>\n\t<meta property=\"og:image:width\" content=\"1000\" \/>\n\t<meta property=\"og:image:height\" content=\"1000\" \/>\n\t<meta property=\"og:image:type\" content=\"image\/jpeg\" \/>\n<meta name=\"twitter:label1\" content=\"Tempo di lettura stimato\" \/>\n\t<meta name=\"twitter:data1\" content=\"1 minuto\" \/>\n<script type=\"application\/ld+json\" class=\"yoast-schema-graph\">{\"@context\":\"https:\/\/schema.org\",\"@graph\":[{\"@type\":\"WebPage\",\"@id\":\"https:\/\/parosapartmentspanos.com\/it\/destinazioni\/naousa\/\",\"url\":\"https:\/\/parosapartmentspanos.com\/it\/destinazioni\/naousa\/\",\"name\":\"Naousa \u2013 Il villaggio pi\u00f9 cosmopolita di Paros\",\"isPartOf\":{\"@id\":\"https:\/\/parosapartmentspanos.com\/it\/#website\"},\"primaryImageOfPage\":{\"@id\":\"https:\/\/parosapartmentspanos.com\/it\/destinazioni\/naousa\/#primaryimage\"},\"image\":{\"@id\":\"https:\/\/parosapartmentspanos.com\/it\/destinazioni\/naousa\/#primaryimage\"},\"thumbnailUrl\":\"https:\/\/parosapartmentspanos.com\/it\/wp-content\/uploads\/2021\/03\/naousa-1000-1000.jpg\",\"datePublished\":\"2021-03-05T05:43:51+00:00\",\"dateModified\":\"2021-10-17T05:25:04+00:00\",\"description\":\"Naousa \u00e8 il villaggio pi\u00f9 cosmopolita di Paros, con un\u2019intensa vita notturna ed \u00e8 uno dei pi\u00f9 importanti villaggi di pescatori dell\u2019isola.\",\"breadcrumb\":{\"@id\":\"https:\/\/parosapartmentspanos.com\/it\/destinazioni\/naousa\/#breadcrumb\"},\"inLanguage\":\"it-IT\",\"potentialAction\":[{\"@type\":\"ReadAction\",\"target\":[\"https:\/\/parosapartmentspanos.com\/it\/destinazioni\/naousa\/\"]}]},{\"@type\":\"ImageObject\",\"inLanguage\":\"it-IT\",\"@id\":\"https:\/\/parosapartmentspanos.com\/it\/destinazioni\/naousa\/#primaryimage\",\"url\":\"https:\/\/parosapartmentspanos.com\/it\/wp-content\/uploads\/2021\/03\/naousa-1000-1000.jpg\",\"contentUrl\":\"https:\/\/parosapartmentspanos.com\/it\/wp-content\/uploads\/2021\/03\/naousa-1000-1000.jpg\",\"width\":1000,\"height\":1000,\"caption\":\"Naoussa\"},{\"@type\":\"BreadcrumbList\",\"@id\":\"https:\/\/parosapartmentspanos.com\/it\/destinazioni\/naousa\/#breadcrumb\",\"itemListElement\":[{\"@type\":\"ListItem\",\"position\":1,\"name\":\"Home\",\"item\":\"https:\/\/parosapartmentspanos.com\/it\/\"},{\"@type\":\"ListItem\",\"position\":2,\"name\":\"Destinazioni\",\"item\":\"https:\/\/parosapartmentspanos.com\/it\/destinazioni\/\"},{\"@type\":\"ListItem\",\"position\":3,\"name\":\"Naousa\"}]},{\"@type\":\"WebSite\",\"@id\":\"https:\/\/parosapartmentspanos.com\/it\/#website\",\"url\":\"https:\/\/parosapartmentspanos.com\/it\/\",\"name\":\"Paros Appartamenti - Paros suite - Paros ville - Affitti\",\"description\":\"Appartamenti di lusso, suite e ville in affitto a Paros. Suite, appartamenti e ville in affitto a Paros\",\"publisher\":{\"@id\":\"https:\/\/parosapartmentspanos.com\/it\/#organization\"},\"potentialAction\":[{\"@type\":\"SearchAction\",\"target\":{\"@type\":\"EntryPoint\",\"urlTemplate\":\"https:\/\/parosapartmentspanos.com\/it\/?s={search_term_string}\"},\"query-input\":{\"@type\":\"PropertyValueSpecification\",\"valueRequired\":true,\"valueName\":\"search_term_string\"}}],\"inLanguage\":\"it-IT\"},{\"@type\":\"Organization\",\"@id\":\"https:\/\/parosapartmentspanos.com\/it\/#organization\",\"name\":\"Paros Appartamenti - Paros suite - Paros ville - Affitti\",\"url\":\"https:\/\/parosapartmentspanos.com\/it\/\",\"logo\":{\"@type\":\"ImageObject\",\"inLanguage\":\"it-IT\",\"@id\":\"https:\/\/parosapartmentspanos.com\/it\/#\/schema\/logo\/image\/\",\"url\":\"https:\/\/parosapartmentspanos.com\/it\/wp-content\/uploads\/2021\/03\/panos_luxury-190.jpg\",\"contentUrl\":\"https:\/\/parosapartmentspanos.com\/it\/wp-content\/uploads\/2021\/03\/panos_luxury-190.jpg\",\"width\":190,\"height\":86,\"caption\":\"Paros Appartamenti - Paros suite - Paros ville - Affitti\"},\"image\":{\"@id\":\"https:\/\/parosapartmentspanos.com\/it\/#\/schema\/logo\/image\/\"},\"sameAs\":[\"https:\/\/www.facebook.com\/panosluxuryparos\/\",\"https:\/\/x.com\/panosluxury\"]}]}<\/script>\n<!-- \/ Yoast SEO plugin. -->","yoast_head_json":{"title":"Naousa \u2013 Il villaggio pi\u00f9 cosmopolita di Paros","description":"Naousa \u00e8 il villaggio pi\u00f9 cosmopolita di Paros, con un\u2019intensa vita notturna ed \u00e8 uno dei pi\u00f9 importanti villaggi di pescatori dell\u2019isola.","robots":{"index":"index","follow":"follow","max-snippet":"max-snippet:-1","max-image-preview":"max-image-preview:large","max-video-preview":"max-video-preview:-1"},"canonical":"https:\/\/parosapartmentspanos.com\/it\/destinazioni\/naousa\/","og_locale":"it_IT","og_type":"article","og_title":"Naousa \u2013 Il villaggio pi\u00f9 cosmopolita di Paros","og_description":"Naousa \u00e8 il villaggio pi\u00f9 cosmopolita di Paros, con un\u2019intensa vita notturna ed \u00e8 uno dei pi\u00f9 importanti villaggi di pescatori dell\u2019isola.","og_url":"https:\/\/parosapartmentspanos.com\/it\/destinazioni\/naousa\/","og_site_name":"Paros Appartamenti - Paros suite - Paros ville - Affitti","article_publisher":"https:\/\/www.facebook.com\/panosluxuryparos\/","article_modified_time":"2021-10-17T05:25:04+00:00","og_image":[{"width":1000,"height":1000,"url":"https:\/\/parosapartmentspanos.com\/it\/wp-content\/uploads\/2021\/03\/naousa-1000-1000.jpg","type":"image\/jpeg"}],"twitter_misc":{"Tempo di lettura stimato":"1 minuto"},"schema":{"@context":"https:\/\/schema.org","@graph":[{"@type":"WebPage","@id":"https:\/\/parosapartmentspanos.com\/it\/destinazioni\/naousa\/","url":"https:\/\/parosapartmentspanos.com\/it\/destinazioni\/naousa\/","name":"Naousa \u2013 Il villaggio pi\u00f9 cosmopolita di Paros","isPartOf":{"@id":"https:\/\/parosapartmentspanos.com\/it\/#website"},"primaryImageOfPage":{"@id":"https:\/\/parosapartmentspanos.com\/it\/destinazioni\/naousa\/#primaryimage"},"image":{"@id":"https:\/\/parosapartmentspanos.com\/it\/destinazioni\/naousa\/#primaryimage"},"thumbnailUrl":"https:\/\/parosapartmentspanos.com\/it\/wp-content\/uploads\/2021\/03\/naousa-1000-1000.jpg","datePublished":"2021-03-05T05:43:51+00:00","dateModified":"2021-10-17T05:25:04+00:00","description":"Naousa \u00e8 il villaggio pi\u00f9 cosmopolita di Paros, con un\u2019intensa vita notturna ed \u00e8 uno dei pi\u00f9 importanti villaggi di pescatori dell\u2019isola.","breadcrumb":{"@id":"https:\/\/parosapartmentspanos.com\/it\/destinazioni\/naousa\/#breadcrumb"},"inLanguage":"it-IT","potentialAction":[{"@type":"ReadAction","target":["https:\/\/parosapartmentspanos.com\/it\/destinazioni\/naousa\/"]}]},{"@type":"ImageObject","inLanguage":"it-IT","@id":"https:\/\/parosapartmentspanos.com\/it\/destinazioni\/naousa\/#primaryimage","url":"https:\/\/parosapartmentspanos.com\/it\/wp-content\/uploads\/2021\/03\/naousa-1000-1000.jpg","contentUrl":"https:\/\/parosapartmentspanos.com\/it\/wp-content\/uploads\/2021\/03\/naousa-1000-1000.jpg","width":1000,"height":1000,"caption":"Naoussa"},{"@type":"BreadcrumbList","@id":"https:\/\/parosapartmentspanos.com\/it\/destinazioni\/naousa\/#breadcrumb","itemListElement":[{"@type":"ListItem","position":1,"name":"Home","item":"https:\/\/parosapartmentspanos.com\/it\/"},{"@type":"ListItem","position":2,"name":"Destinazioni","item":"https:\/\/parosapartmentspanos.com\/it\/destinazioni\/"},{"@type":"ListItem","position":3,"name":"Naousa"}]},{"@type":"WebSite","@id":"https:\/\/parosapartmentspanos.com\/it\/#website","url":"https:\/\/parosapartmentspanos.com\/it\/","name":"Paros Appartamenti - Paros suite - Paros ville - Affitti","description":"Appartamenti di lusso, suite e ville in affitto a Paros. Suite, appartamenti e ville in affitto a Paros","publisher":{"@id":"https:\/\/parosapartmentspanos.com\/it\/#organization"},"potentialAction":[{"@type":"SearchAction","target":{"@type":"EntryPoint","urlTemplate":"https:\/\/parosapartmentspanos.com\/it\/?s={search_term_string}"},"query-input":{"@type":"PropertyValueSpecification","valueRequired":true,"valueName":"search_term_string"}}],"inLanguage":"it-IT"},{"@type":"Organization","@id":"https:\/\/parosapartmentspanos.com\/it\/#organization","name":"Paros Appartamenti - Paros suite - Paros ville - Affitti","url":"https:\/\/parosapartmentspanos.com\/it\/","logo":{"@type":"ImageObject","inLanguage":"it-IT","@id":"https:\/\/parosapartmentspanos.com\/it\/#\/schema\/logo\/image\/","url":"https:\/\/parosapartmentspanos.com\/it\/wp-content\/uploads\/2021\/03\/panos_luxury-190.jpg","contentUrl":"https:\/\/parosapartmentspanos.com\/it\/wp-content\/uploads\/2021\/03\/panos_luxury-190.jpg","width":190,"height":86,"caption":"Paros Appartamenti - Paros suite - Paros ville - Affitti"},"image":{"@id":"https:\/\/parosapartmentspanos.com\/it\/#\/schema\/logo\/image\/"},"sameAs":["https:\/\/www.facebook.com\/panosluxuryparos\/","https:\/\/x.com\/panosluxury"]}]}},"_links":{"self":[{"href":"https:\/\/parosapartmentspanos.com\/it\/wp-json\/wp\/v2\/pages\/2216","targetHints":{"allow":["GET"]}}],"collection":[{"href":"https:\/\/parosapartmentspanos.com\/it\/wp-json\/wp\/v2\/pages"}],"about":[{"href":"https:\/\/parosapartmentspanos.com\/it\/wp-json\/wp\/v2\/types\/page"}],"author":[{"embeddable":true,"href":"https:\/\/parosapartmentspanos.com\/it\/wp-json\/wp\/v2\/users\/1"}],"replies":[{"embeddable":true,"href":"https:\/\/parosapartmentspanos.com\/it\/wp-json\/wp\/v2\/comments?post=2216"}],"version-history":[{"count":1,"href":"https:\/\/parosapartmentspanos.com\/it\/wp-json\/wp\/v2\/pages\/2216\/revisions"}],"predecessor-version":[{"id":2217,"href":"https:\/\/parosapartmentspanos.com\/it\/wp-json\/wp\/v2\/pages\/2216\/revisions\/2217"}],"up":[{"embeddable":true,"href":"https:\/\/parosapartmentspanos.com\/it\/wp-json\/wp\/v2\/pages\/2204"}],"wp:featuredmedia":[{"embeddable":true,"href":"https:\/\/parosapartmentspanos.com\/it\/wp-json\/wp\/v2\/media\/2218"}],"wp:attachment":[{"href":"https:\/\/parosapartmentspanos.com\/it\/wp-json\/wp\/v2\/media?parent=2216"}],"curies":[{"name":"wp","href":"https:\/\/api.w.org\/{rel}","templated":true}]}}