{"id":2286,"date":"2021-05-07T04:06:56","date_gmt":"2021-05-07T04:06:56","guid":{"rendered":"https:\/\/parosapartmentspanos.com\/it\/?page_id=2286"},"modified":"2022-01-27T17:50:10","modified_gmt":"2022-01-27T17:50:10","slug":"lefkes","status":"publish","type":"page","link":"https:\/\/parosapartmentspanos.com\/it\/destinazioni\/lefkes\/","title":{"rendered":"Lefkes"},"content":{"rendered":"<p>Il villaggio montuoso Lefkes si trova quasi al centro dell\u2019isola, ad un\u2019altitudine di 250m e 11km da Parikia. \u2018E un villaggio bellissimo, costruito ad anfiteatro sulle pendici della montagna. La combinazione della natura e degli elementi tradizionali delle Cicladi conferiscono un fascino squisito.<\/p>\n<p>Qu\u00ec la circolazione\u00a0 \u00e8 solo a piedi in quanto all\u2019interno del villaggio non sono ammesse automobili. Lefkes stupiscono i turisti con le loro case bianche immerse nel verde e le loro stradine lastricate. Nella piazza del villaggio si trova il caff\u00e8 pi\u00f9 antico dell\u2019isola che funziona da oltre un secolo.<\/p>\n<p>Per chi ama l\u2019escursione a piedi non pu\u00f2\u00a0 perdere il sentiero bizantino che collega Lefkes con il villaggio Prodromos. \u2018E costruito 1000 anni fa e il sentiero lastricato di marmo vi condurr\u00e0 in un meraviglioso paesaggio naturale con oliveti e mirti.<\/p>\n","protected":false},"excerpt":{"rendered":"<p>Il villaggio montuoso Lefkes si trova quasi al centro dell\u2019isola, ad un\u2019altitudine di 250m e 11km da Parikia. \u2018E un villaggio bellissimo, costruito ad anfiteatro sulle pendici della montagna. La combinazione della natura e degli elementi tradizionali delle Cicladi conferiscono un fascino squisito. Qu\u00ec la circolazione\u00a0 \u00e8 solo a piedi in quanto all\u2019interno del villaggio non sono ammesse automobili. Lefkes stupiscono i turisti con le loro case bianche immerse nel verde e le loro stradine lastricate. Nella piazza del villaggio si trova il caff\u00e8 pi\u00f9 antico dell\u2019isola che funziona da oltre un secolo. Per chi ama l\u2019escursione a piedi non pu\u00f2\u00a0 perdere il sentiero bizantino che collega Lefkes con il&hellip;<\/p>\n","protected":false},"author":1,"featured_media":2425,"parent":2204,"menu_order":3,"comment_status":"closed","ping_status":"closed","template":"","meta":{"footnotes":""},"class_list":["post-2286","page","type-page","status-publish","has-post-thumbnail","hentry"],"yoast_head":"<!-- This site is optimized with the Yoast SEO plugin v27.1.1 - https:\/\/yoast.com\/product\/yoast-seo-wordpress\/ -->\n<title>Lefkes \u2013 Il villaggio pi\u00f9 montuoso di Paros<\/title>\n<meta name=\"description\" content=\"Lefkes \u00e8 il villaggio pi\u00f9 montuoso di Paros, costruito ad anfiteatro sulle pendici delle montagna, con un forte elemento cicladico e il famoso sentiero Bizantino.\" \/>\n<meta name=\"robots\" content=\"index, follow, max-snippet:-1, max-image-preview:large, max-video-preview:-1\" \/>\n<link rel=\"canonical\" href=\"https:\/\/parosapartmentspanos.com\/it\/destinazioni\/lefkes\/\" \/>\n<meta property=\"og:locale\" content=\"it_IT\" \/>\n<meta property=\"og:type\" content=\"article\" \/>\n<meta property=\"og:title\" content=\"Lefkes \u2013 Il villaggio pi\u00f9 montuoso di Paros\" \/>\n<meta property=\"og:description\" content=\"Lefkes \u00e8 il villaggio pi\u00f9 montuoso di Paros, costruito ad anfiteatro sulle pendici delle montagna, con un forte elemento cicladico e il famoso sentiero Bizantino.\" \/>\n<meta property=\"og:url\" content=\"https:\/\/parosapartmentspanos.com\/it\/destinazioni\/lefkes\/\" \/>\n<meta property=\"og:site_name\" content=\"Paros Appartamenti - Paros suite - Paros ville - Affitti\" \/>\n<meta property=\"article:publisher\" content=\"https:\/\/www.facebook.com\/panosluxuryparos\/\" \/>\n<meta property=\"article:modified_time\" content=\"2022-01-27T17:50:10+00:00\" \/>\n<meta property=\"og:image\" content=\"https:\/\/parosapartmentspanos.com\/it\/wp-content\/uploads\/2022\/01\/lefkes-1000-1000.jpg\" \/>\n\t<meta property=\"og:image:width\" content=\"1000\" \/>\n\t<meta property=\"og:image:height\" content=\"1000\" \/>\n\t<meta property=\"og:image:type\" content=\"image\/jpeg\" \/>\n<meta name=\"twitter:label1\" content=\"Tempo di lettura stimato\" \/>\n\t<meta name=\"twitter:data1\" content=\"1 minuto\" \/>\n<script type=\"application\/ld+json\" class=\"yoast-schema-graph\">{\"@context\":\"https:\/\/schema.org\",\"@graph\":[{\"@type\":\"WebPage\",\"@id\":\"https:\/\/parosapartmentspanos.com\/it\/destinazioni\/lefkes\/\",\"url\":\"https:\/\/parosapartmentspanos.com\/it\/destinazioni\/lefkes\/\",\"name\":\"Lefkes \u2013 Il villaggio pi\u00f9 montuoso di Paros\",\"isPartOf\":{\"@id\":\"https:\/\/parosapartmentspanos.com\/it\/#website\"},\"primaryImageOfPage\":{\"@id\":\"https:\/\/parosapartmentspanos.com\/it\/destinazioni\/lefkes\/#primaryimage\"},\"image\":{\"@id\":\"https:\/\/parosapartmentspanos.com\/it\/destinazioni\/lefkes\/#primaryimage\"},\"thumbnailUrl\":\"https:\/\/parosapartmentspanos.com\/it\/wp-content\/uploads\/2022\/01\/lefkes-1000-1000.jpg\",\"datePublished\":\"2021-05-07T04:06:56+00:00\",\"dateModified\":\"2022-01-27T17:50:10+00:00\",\"description\":\"Lefkes \u00e8 il villaggio pi\u00f9 montuoso di Paros, costruito ad anfiteatro sulle pendici delle montagna, con un forte elemento cicladico e il famoso sentiero Bizantino.\",\"breadcrumb\":{\"@id\":\"https:\/\/parosapartmentspanos.com\/it\/destinazioni\/lefkes\/#breadcrumb\"},\"inLanguage\":\"it-IT\",\"potentialAction\":[{\"@type\":\"ReadAction\",\"target\":[\"https:\/\/parosapartmentspanos.com\/it\/destinazioni\/lefkes\/\"]}]},{\"@type\":\"ImageObject\",\"inLanguage\":\"it-IT\",\"@id\":\"https:\/\/parosapartmentspanos.com\/it\/destinazioni\/lefkes\/#primaryimage\",\"url\":\"https:\/\/parosapartmentspanos.com\/it\/wp-content\/uploads\/2022\/01\/lefkes-1000-1000.jpg\",\"contentUrl\":\"https:\/\/parosapartmentspanos.com\/it\/wp-content\/uploads\/2022\/01\/lefkes-1000-1000.jpg\",\"width\":1000,\"height\":1000},{\"@type\":\"BreadcrumbList\",\"@id\":\"https:\/\/parosapartmentspanos.com\/it\/destinazioni\/lefkes\/#breadcrumb\",\"itemListElement\":[{\"@type\":\"ListItem\",\"position\":1,\"name\":\"Home\",\"item\":\"https:\/\/parosapartmentspanos.com\/it\/\"},{\"@type\":\"ListItem\",\"position\":2,\"name\":\"Destinazioni\",\"item\":\"https:\/\/parosapartmentspanos.com\/it\/destinazioni\/\"},{\"@type\":\"ListItem\",\"position\":3,\"name\":\"Lefkes\"}]},{\"@type\":\"WebSite\",\"@id\":\"https:\/\/parosapartmentspanos.com\/it\/#website\",\"url\":\"https:\/\/parosapartmentspanos.com\/it\/\",\"name\":\"Paros Appartamenti - Paros suite - Paros ville - Affitti\",\"description\":\"Appartamenti di lusso, suite e ville in affitto a Paros. Suite, appartamenti e ville in affitto a Paros\",\"publisher\":{\"@id\":\"https:\/\/parosapartmentspanos.com\/it\/#organization\"},\"potentialAction\":[{\"@type\":\"SearchAction\",\"target\":{\"@type\":\"EntryPoint\",\"urlTemplate\":\"https:\/\/parosapartmentspanos.com\/it\/?s={search_term_string}\"},\"query-input\":{\"@type\":\"PropertyValueSpecification\",\"valueRequired\":true,\"valueName\":\"search_term_string\"}}],\"inLanguage\":\"it-IT\"},{\"@type\":\"Organization\",\"@id\":\"https:\/\/parosapartmentspanos.com\/it\/#organization\",\"name\":\"Paros Appartamenti - Paros suite - Paros ville - Affitti\",\"url\":\"https:\/\/parosapartmentspanos.com\/it\/\",\"logo\":{\"@type\":\"ImageObject\",\"inLanguage\":\"it-IT\",\"@id\":\"https:\/\/parosapartmentspanos.com\/it\/#\/schema\/logo\/image\/\",\"url\":\"https:\/\/parosapartmentspanos.com\/it\/wp-content\/uploads\/2021\/03\/panos_luxury-190.jpg\",\"contentUrl\":\"https:\/\/parosapartmentspanos.com\/it\/wp-content\/uploads\/2021\/03\/panos_luxury-190.jpg\",\"width\":190,\"height\":86,\"caption\":\"Paros Appartamenti - Paros suite - Paros ville - Affitti\"},\"image\":{\"@id\":\"https:\/\/parosapartmentspanos.com\/it\/#\/schema\/logo\/image\/\"},\"sameAs\":[\"https:\/\/www.facebook.com\/panosluxuryparos\/\",\"https:\/\/x.com\/panosluxury\"]}]}<\/script>\n<!-- \/ Yoast SEO plugin. -->","yoast_head_json":{"title":"Lefkes \u2013 Il villaggio pi\u00f9 montuoso di Paros","description":"Lefkes \u00e8 il villaggio pi\u00f9 montuoso di Paros, costruito ad anfiteatro sulle pendici delle montagna, con un forte elemento cicladico e il famoso sentiero Bizantino.","robots":{"index":"index","follow":"follow","max-snippet":"max-snippet:-1","max-image-preview":"max-image-preview:large","max-video-preview":"max-video-preview:-1"},"canonical":"https:\/\/parosapartmentspanos.com\/it\/destinazioni\/lefkes\/","og_locale":"it_IT","og_type":"article","og_title":"Lefkes \u2013 Il villaggio pi\u00f9 montuoso di Paros","og_description":"Lefkes \u00e8 il villaggio pi\u00f9 montuoso di Paros, costruito ad anfiteatro sulle pendici delle montagna, con un forte elemento cicladico e il famoso sentiero Bizantino.","og_url":"https:\/\/parosapartmentspanos.com\/it\/destinazioni\/lefkes\/","og_site_name":"Paros Appartamenti - Paros suite - Paros ville - Affitti","article_publisher":"https:\/\/www.facebook.com\/panosluxuryparos\/","article_modified_time":"2022-01-27T17:50:10+00:00","og_image":[{"width":1000,"height":1000,"url":"https:\/\/parosapartmentspanos.com\/it\/wp-content\/uploads\/2022\/01\/lefkes-1000-1000.jpg","type":"image\/jpeg"}],"twitter_misc":{"Tempo di lettura stimato":"1 minuto"},"schema":{"@context":"https:\/\/schema.org","@graph":[{"@type":"WebPage","@id":"https:\/\/parosapartmentspanos.com\/it\/destinazioni\/lefkes\/","url":"https:\/\/parosapartmentspanos.com\/it\/destinazioni\/lefkes\/","name":"Lefkes \u2013 Il villaggio pi\u00f9 montuoso di Paros","isPartOf":{"@id":"https:\/\/parosapartmentspanos.com\/it\/#website"},"primaryImageOfPage":{"@id":"https:\/\/parosapartmentspanos.com\/it\/destinazioni\/lefkes\/#primaryimage"},"image":{"@id":"https:\/\/parosapartmentspanos.com\/it\/destinazioni\/lefkes\/#primaryimage"},"thumbnailUrl":"https:\/\/parosapartmentspanos.com\/it\/wp-content\/uploads\/2022\/01\/lefkes-1000-1000.jpg","datePublished":"2021-05-07T04:06:56+00:00","dateModified":"2022-01-27T17:50:10+00:00","description":"Lefkes \u00e8 il villaggio pi\u00f9 montuoso di Paros, costruito ad anfiteatro sulle pendici delle montagna, con un forte elemento cicladico e il famoso sentiero Bizantino.","breadcrumb":{"@id":"https:\/\/parosapartmentspanos.com\/it\/destinazioni\/lefkes\/#breadcrumb"},"inLanguage":"it-IT","potentialAction":[{"@type":"ReadAction","target":["https:\/\/parosapartmentspanos.com\/it\/destinazioni\/lefkes\/"]}]},{"@type":"ImageObject","inLanguage":"it-IT","@id":"https:\/\/parosapartmentspanos.com\/it\/destinazioni\/lefkes\/#primaryimage","url":"https:\/\/parosapartmentspanos.com\/it\/wp-content\/uploads\/2022\/01\/lefkes-1000-1000.jpg","contentUrl":"https:\/\/parosapartmentspanos.com\/it\/wp-content\/uploads\/2022\/01\/lefkes-1000-1000.jpg","width":1000,"height":1000},{"@type":"BreadcrumbList","@id":"https:\/\/parosapartmentspanos.com\/it\/destinazioni\/lefkes\/#breadcrumb","itemListElement":[{"@type":"ListItem","position":1,"name":"Home","item":"https:\/\/parosapartmentspanos.com\/it\/"},{"@type":"ListItem","position":2,"name":"Destinazioni","item":"https:\/\/parosapartmentspanos.com\/it\/destinazioni\/"},{"@type":"ListItem","position":3,"name":"Lefkes"}]},{"@type":"WebSite","@id":"https:\/\/parosapartmentspanos.com\/it\/#website","url":"https:\/\/parosapartmentspanos.com\/it\/","name":"Paros Appartamenti - Paros suite - Paros ville - Affitti","description":"Appartamenti di lusso, suite e ville in affitto a Paros. Suite, appartamenti e ville in affitto a Paros","publisher":{"@id":"https:\/\/parosapartmentspanos.com\/it\/#organization"},"potentialAction":[{"@type":"SearchAction","target":{"@type":"EntryPoint","urlTemplate":"https:\/\/parosapartmentspanos.com\/it\/?s={search_term_string}"},"query-input":{"@type":"PropertyValueSpecification","valueRequired":true,"valueName":"search_term_string"}}],"inLanguage":"it-IT"},{"@type":"Organization","@id":"https:\/\/parosapartmentspanos.com\/it\/#organization","name":"Paros Appartamenti - Paros suite - Paros ville - Affitti","url":"https:\/\/parosapartmentspanos.com\/it\/","logo":{"@type":"ImageObject","inLanguage":"it-IT","@id":"https:\/\/parosapartmentspanos.com\/it\/#\/schema\/logo\/image\/","url":"https:\/\/parosapartmentspanos.com\/it\/wp-content\/uploads\/2021\/03\/panos_luxury-190.jpg","contentUrl":"https:\/\/parosapartmentspanos.com\/it\/wp-content\/uploads\/2021\/03\/panos_luxury-190.jpg","width":190,"height":86,"caption":"Paros Appartamenti - Paros suite - Paros ville - Affitti"},"image":{"@id":"https:\/\/parosapartmentspanos.com\/it\/#\/schema\/logo\/image\/"},"sameAs":["https:\/\/www.facebook.com\/panosluxuryparos\/","https:\/\/x.com\/panosluxury"]}]}},"_links":{"self":[{"href":"https:\/\/parosapartmentspanos.com\/it\/wp-json\/wp\/v2\/pages\/2286","targetHints":{"allow":["GET"]}}],"collection":[{"href":"https:\/\/parosapartmentspanos.com\/it\/wp-json\/wp\/v2\/pages"}],"about":[{"href":"https:\/\/parosapartmentspanos.com\/it\/wp-json\/wp\/v2\/types\/page"}],"author":[{"embeddable":true,"href":"https:\/\/parosapartmentspanos.com\/it\/wp-json\/wp\/v2\/users\/1"}],"replies":[{"embeddable":true,"href":"https:\/\/parosapartmentspanos.com\/it\/wp-json\/wp\/v2\/comments?post=2286"}],"version-history":[{"count":1,"href":"https:\/\/parosapartmentspanos.com\/it\/wp-json\/wp\/v2\/pages\/2286\/revisions"}],"predecessor-version":[{"id":2287,"href":"https:\/\/parosapartmentspanos.com\/it\/wp-json\/wp\/v2\/pages\/2286\/revisions\/2287"}],"up":[{"embeddable":true,"href":"https:\/\/parosapartmentspanos.com\/it\/wp-json\/wp\/v2\/pages\/2204"}],"wp:featuredmedia":[{"embeddable":true,"href":"https:\/\/parosapartmentspanos.com\/it\/wp-json\/wp\/v2\/media\/2425"}],"wp:attachment":[{"href":"https:\/\/parosapartmentspanos.com\/it\/wp-json\/wp\/v2\/media?parent=2286"}],"curies":[{"name":"wp","href":"https:\/\/api.w.org\/{rel}","templated":true}]}}