{"id":2301,"date":"2021-08-07T14:26:15","date_gmt":"2021-08-07T14:26:15","guid":{"rendered":"https:\/\/parosapartmentspanos.com\/it\/?page_id=2301"},"modified":"2021-08-07T14:26:15","modified_gmt":"2021-08-07T14:26:15","slug":"antiparos","status":"publish","type":"page","link":"https:\/\/parosapartmentspanos.com\/it\/destinazioni\/antiparos\/","title":{"rendered":"Antiparos"},"content":{"rendered":"<p>Dal porto di Parikia o di Pounta si pu\u00f2 passare di fronte alla piccola isola di Antiparos. Un\u2019isola che negli ultimi anni nei mesi estivi si riempie di turisti.Ad Antiparos si pu\u00f2 godere la sua vacanza avendo tutte le comodit\u00e0 in quanto ci sono molti bar, ristoranti, alberghi, spiagge.<\/p>\n<p>Ci\u00f2 che ha reso un\u2019isola cos\u00ec piccola conosciuta in tutto il mondo sono le tante celebrit\u00e0 che ogni anno la visitano ma anche il fatto che sia la destinazione ideale per le barche in quanto intorno all\u2019isola ci sono spiagge bellissime con acque cristalline e paesaggi selvagi.<\/p>\n<p>Una delle attrazioni pi\u00f9 importanti che ci sono ad Antiparos \u00e8 la Grotta. La Grotta di Antiparos \u00e8 un ritrovamento archeologico storico che adorna l\u2019isola per migliaia di anni. Estremamente bello ed importante per l\u2019incantevole paesaggio naturale, causa grande interesse archeologico, dovuto ai ritrovamenti dell\u2019et\u00e0 della pietra che sono stati scoperti al suo interno.<\/p>\n","protected":false},"excerpt":{"rendered":"<p>Dal porto di Parikia o di Pounta si pu\u00f2 passare di fronte alla piccola isola di Antiparos. Un\u2019isola che negli ultimi anni nei mesi estivi si riempie di turisti.Ad Antiparos si pu\u00f2 godere la sua vacanza avendo tutte le comodit\u00e0 in quanto ci sono molti bar, ristoranti, alberghi, spiagge. Ci\u00f2 che ha reso un\u2019isola cos\u00ec piccola conosciuta in tutto il mondo sono le tante celebrit\u00e0 che ogni anno la visitano ma anche il fatto che sia la destinazione ideale per le barche in quanto intorno all\u2019isola ci sono spiagge bellissime con acque cristalline e paesaggi selvagi. Una delle attrazioni pi\u00f9 importanti che ci sono ad Antiparos \u00e8 la Grotta. La&hellip;<\/p>\n","protected":false},"author":1,"featured_media":2302,"parent":2204,"menu_order":6,"comment_status":"closed","ping_status":"closed","template":"","meta":{"footnotes":""},"class_list":["post-2301","page","type-page","status-publish","has-post-thumbnail","hentry"],"yoast_head":"<!-- This site is optimized with the Yoast SEO plugin v27.1.1 - https:\/\/yoast.com\/product\/yoast-seo-wordpress\/ -->\n<title>Antiparos \u2013 Isola particolarmente cosmopolita a pochi minuti da Paros.<\/title>\n<meta name=\"description\" content=\"Dal porto di Parikia o di Pounta si pu\u00f2 passare in pochi minuti di fronte alla piccola isola di Antiparos. Antiparos \u00e8 conosciuta in tutto il mondo dalle tante celebrit\u00e0 che la visitano ogni estate.\" \/>\n<meta name=\"robots\" content=\"index, follow, max-snippet:-1, max-image-preview:large, max-video-preview:-1\" \/>\n<link rel=\"canonical\" href=\"https:\/\/parosapartmentspanos.com\/it\/destinazioni\/antiparos\/\" \/>\n<meta property=\"og:locale\" content=\"it_IT\" \/>\n<meta property=\"og:type\" content=\"article\" \/>\n<meta property=\"og:title\" content=\"Antiparos \u2013 Isola particolarmente cosmopolita a pochi minuti da Paros.\" \/>\n<meta property=\"og:description\" content=\"Dal porto di Parikia o di Pounta si pu\u00f2 passare in pochi minuti di fronte alla piccola isola di Antiparos. Antiparos \u00e8 conosciuta in tutto il mondo dalle tante celebrit\u00e0 che la visitano ogni estate.\" \/>\n<meta property=\"og:url\" content=\"https:\/\/parosapartmentspanos.com\/it\/destinazioni\/antiparos\/\" \/>\n<meta property=\"og:site_name\" content=\"Paros Appartamenti - Paros suite - Paros ville - Affitti\" \/>\n<meta property=\"article:publisher\" content=\"https:\/\/www.facebook.com\/panosluxuryparos\/\" \/>\n<meta property=\"og:image\" content=\"https:\/\/parosapartmentspanos.com\/it\/wp-content\/uploads\/2021\/08\/antiparos-1000-1000.jpg\" \/>\n\t<meta property=\"og:image:width\" content=\"1000\" \/>\n\t<meta property=\"og:image:height\" content=\"1000\" \/>\n\t<meta property=\"og:image:type\" content=\"image\/jpeg\" \/>\n<meta name=\"twitter:label1\" content=\"Tempo di lettura stimato\" \/>\n\t<meta name=\"twitter:data1\" content=\"1 minuto\" \/>\n<script type=\"application\/ld+json\" class=\"yoast-schema-graph\">{\"@context\":\"https:\/\/schema.org\",\"@graph\":[{\"@type\":\"WebPage\",\"@id\":\"https:\/\/parosapartmentspanos.com\/it\/destinazioni\/antiparos\/\",\"url\":\"https:\/\/parosapartmentspanos.com\/it\/destinazioni\/antiparos\/\",\"name\":\"Antiparos \u2013 Isola particolarmente cosmopolita a pochi minuti da Paros.\",\"isPartOf\":{\"@id\":\"https:\/\/parosapartmentspanos.com\/it\/#website\"},\"primaryImageOfPage\":{\"@id\":\"https:\/\/parosapartmentspanos.com\/it\/destinazioni\/antiparos\/#primaryimage\"},\"image\":{\"@id\":\"https:\/\/parosapartmentspanos.com\/it\/destinazioni\/antiparos\/#primaryimage\"},\"thumbnailUrl\":\"https:\/\/parosapartmentspanos.com\/it\/wp-content\/uploads\/2021\/08\/antiparos-1000-1000.jpg\",\"datePublished\":\"2021-08-07T14:26:15+00:00\",\"description\":\"Dal porto di Parikia o di Pounta si pu\u00f2 passare in pochi minuti di fronte alla piccola isola di Antiparos. Antiparos \u00e8 conosciuta in tutto il mondo dalle tante celebrit\u00e0 che la visitano ogni estate.\",\"breadcrumb\":{\"@id\":\"https:\/\/parosapartmentspanos.com\/it\/destinazioni\/antiparos\/#breadcrumb\"},\"inLanguage\":\"it-IT\",\"potentialAction\":[{\"@type\":\"ReadAction\",\"target\":[\"https:\/\/parosapartmentspanos.com\/it\/destinazioni\/antiparos\/\"]}]},{\"@type\":\"ImageObject\",\"inLanguage\":\"it-IT\",\"@id\":\"https:\/\/parosapartmentspanos.com\/it\/destinazioni\/antiparos\/#primaryimage\",\"url\":\"https:\/\/parosapartmentspanos.com\/it\/wp-content\/uploads\/2021\/08\/antiparos-1000-1000.jpg\",\"contentUrl\":\"https:\/\/parosapartmentspanos.com\/it\/wp-content\/uploads\/2021\/08\/antiparos-1000-1000.jpg\",\"width\":1000,\"height\":1000,\"caption\":\"Antiparos\"},{\"@type\":\"BreadcrumbList\",\"@id\":\"https:\/\/parosapartmentspanos.com\/it\/destinazioni\/antiparos\/#breadcrumb\",\"itemListElement\":[{\"@type\":\"ListItem\",\"position\":1,\"name\":\"Home\",\"item\":\"https:\/\/parosapartmentspanos.com\/it\/\"},{\"@type\":\"ListItem\",\"position\":2,\"name\":\"Destinazioni\",\"item\":\"https:\/\/parosapartmentspanos.com\/it\/destinazioni\/\"},{\"@type\":\"ListItem\",\"position\":3,\"name\":\"Antiparos\"}]},{\"@type\":\"WebSite\",\"@id\":\"https:\/\/parosapartmentspanos.com\/it\/#website\",\"url\":\"https:\/\/parosapartmentspanos.com\/it\/\",\"name\":\"Paros Appartamenti - Paros suite - Paros ville - Affitti\",\"description\":\"Appartamenti di lusso, suite e ville in affitto a Paros. Suite, appartamenti e ville in affitto a Paros\",\"publisher\":{\"@id\":\"https:\/\/parosapartmentspanos.com\/it\/#organization\"},\"potentialAction\":[{\"@type\":\"SearchAction\",\"target\":{\"@type\":\"EntryPoint\",\"urlTemplate\":\"https:\/\/parosapartmentspanos.com\/it\/?s={search_term_string}\"},\"query-input\":{\"@type\":\"PropertyValueSpecification\",\"valueRequired\":true,\"valueName\":\"search_term_string\"}}],\"inLanguage\":\"it-IT\"},{\"@type\":\"Organization\",\"@id\":\"https:\/\/parosapartmentspanos.com\/it\/#organization\",\"name\":\"Paros Appartamenti - Paros suite - Paros ville - Affitti\",\"url\":\"https:\/\/parosapartmentspanos.com\/it\/\",\"logo\":{\"@type\":\"ImageObject\",\"inLanguage\":\"it-IT\",\"@id\":\"https:\/\/parosapartmentspanos.com\/it\/#\/schema\/logo\/image\/\",\"url\":\"https:\/\/parosapartmentspanos.com\/it\/wp-content\/uploads\/2021\/03\/panos_luxury-190.jpg\",\"contentUrl\":\"https:\/\/parosapartmentspanos.com\/it\/wp-content\/uploads\/2021\/03\/panos_luxury-190.jpg\",\"width\":190,\"height\":86,\"caption\":\"Paros Appartamenti - Paros suite - Paros ville - Affitti\"},\"image\":{\"@id\":\"https:\/\/parosapartmentspanos.com\/it\/#\/schema\/logo\/image\/\"},\"sameAs\":[\"https:\/\/www.facebook.com\/panosluxuryparos\/\",\"https:\/\/x.com\/panosluxury\"]}]}<\/script>\n<!-- \/ Yoast SEO plugin. -->","yoast_head_json":{"title":"Antiparos \u2013 Isola particolarmente cosmopolita a pochi minuti da Paros.","description":"Dal porto di Parikia o di Pounta si pu\u00f2 passare in pochi minuti di fronte alla piccola isola di Antiparos. Antiparos \u00e8 conosciuta in tutto il mondo dalle tante celebrit\u00e0 che la visitano ogni estate.","robots":{"index":"index","follow":"follow","max-snippet":"max-snippet:-1","max-image-preview":"max-image-preview:large","max-video-preview":"max-video-preview:-1"},"canonical":"https:\/\/parosapartmentspanos.com\/it\/destinazioni\/antiparos\/","og_locale":"it_IT","og_type":"article","og_title":"Antiparos \u2013 Isola particolarmente cosmopolita a pochi minuti da Paros.","og_description":"Dal porto di Parikia o di Pounta si pu\u00f2 passare in pochi minuti di fronte alla piccola isola di Antiparos. Antiparos \u00e8 conosciuta in tutto il mondo dalle tante celebrit\u00e0 che la visitano ogni estate.","og_url":"https:\/\/parosapartmentspanos.com\/it\/destinazioni\/antiparos\/","og_site_name":"Paros Appartamenti - Paros suite - Paros ville - Affitti","article_publisher":"https:\/\/www.facebook.com\/panosluxuryparos\/","og_image":[{"width":1000,"height":1000,"url":"https:\/\/parosapartmentspanos.com\/it\/wp-content\/uploads\/2021\/08\/antiparos-1000-1000.jpg","type":"image\/jpeg"}],"twitter_misc":{"Tempo di lettura stimato":"1 minuto"},"schema":{"@context":"https:\/\/schema.org","@graph":[{"@type":"WebPage","@id":"https:\/\/parosapartmentspanos.com\/it\/destinazioni\/antiparos\/","url":"https:\/\/parosapartmentspanos.com\/it\/destinazioni\/antiparos\/","name":"Antiparos \u2013 Isola particolarmente cosmopolita a pochi minuti da Paros.","isPartOf":{"@id":"https:\/\/parosapartmentspanos.com\/it\/#website"},"primaryImageOfPage":{"@id":"https:\/\/parosapartmentspanos.com\/it\/destinazioni\/antiparos\/#primaryimage"},"image":{"@id":"https:\/\/parosapartmentspanos.com\/it\/destinazioni\/antiparos\/#primaryimage"},"thumbnailUrl":"https:\/\/parosapartmentspanos.com\/it\/wp-content\/uploads\/2021\/08\/antiparos-1000-1000.jpg","datePublished":"2021-08-07T14:26:15+00:00","description":"Dal porto di Parikia o di Pounta si pu\u00f2 passare in pochi minuti di fronte alla piccola isola di Antiparos. Antiparos \u00e8 conosciuta in tutto il mondo dalle tante celebrit\u00e0 che la visitano ogni estate.","breadcrumb":{"@id":"https:\/\/parosapartmentspanos.com\/it\/destinazioni\/antiparos\/#breadcrumb"},"inLanguage":"it-IT","potentialAction":[{"@type":"ReadAction","target":["https:\/\/parosapartmentspanos.com\/it\/destinazioni\/antiparos\/"]}]},{"@type":"ImageObject","inLanguage":"it-IT","@id":"https:\/\/parosapartmentspanos.com\/it\/destinazioni\/antiparos\/#primaryimage","url":"https:\/\/parosapartmentspanos.com\/it\/wp-content\/uploads\/2021\/08\/antiparos-1000-1000.jpg","contentUrl":"https:\/\/parosapartmentspanos.com\/it\/wp-content\/uploads\/2021\/08\/antiparos-1000-1000.jpg","width":1000,"height":1000,"caption":"Antiparos"},{"@type":"BreadcrumbList","@id":"https:\/\/parosapartmentspanos.com\/it\/destinazioni\/antiparos\/#breadcrumb","itemListElement":[{"@type":"ListItem","position":1,"name":"Home","item":"https:\/\/parosapartmentspanos.com\/it\/"},{"@type":"ListItem","position":2,"name":"Destinazioni","item":"https:\/\/parosapartmentspanos.com\/it\/destinazioni\/"},{"@type":"ListItem","position":3,"name":"Antiparos"}]},{"@type":"WebSite","@id":"https:\/\/parosapartmentspanos.com\/it\/#website","url":"https:\/\/parosapartmentspanos.com\/it\/","name":"Paros Appartamenti - Paros suite - Paros ville - Affitti","description":"Appartamenti di lusso, suite e ville in affitto a Paros. Suite, appartamenti e ville in affitto a Paros","publisher":{"@id":"https:\/\/parosapartmentspanos.com\/it\/#organization"},"potentialAction":[{"@type":"SearchAction","target":{"@type":"EntryPoint","urlTemplate":"https:\/\/parosapartmentspanos.com\/it\/?s={search_term_string}"},"query-input":{"@type":"PropertyValueSpecification","valueRequired":true,"valueName":"search_term_string"}}],"inLanguage":"it-IT"},{"@type":"Organization","@id":"https:\/\/parosapartmentspanos.com\/it\/#organization","name":"Paros Appartamenti - Paros suite - Paros ville - Affitti","url":"https:\/\/parosapartmentspanos.com\/it\/","logo":{"@type":"ImageObject","inLanguage":"it-IT","@id":"https:\/\/parosapartmentspanos.com\/it\/#\/schema\/logo\/image\/","url":"https:\/\/parosapartmentspanos.com\/it\/wp-content\/uploads\/2021\/03\/panos_luxury-190.jpg","contentUrl":"https:\/\/parosapartmentspanos.com\/it\/wp-content\/uploads\/2021\/03\/panos_luxury-190.jpg","width":190,"height":86,"caption":"Paros Appartamenti - Paros suite - Paros ville - Affitti"},"image":{"@id":"https:\/\/parosapartmentspanos.com\/it\/#\/schema\/logo\/image\/"},"sameAs":["https:\/\/www.facebook.com\/panosluxuryparos\/","https:\/\/x.com\/panosluxury"]}]}},"_links":{"self":[{"href":"https:\/\/parosapartmentspanos.com\/it\/wp-json\/wp\/v2\/pages\/2301","targetHints":{"allow":["GET"]}}],"collection":[{"href":"https:\/\/parosapartmentspanos.com\/it\/wp-json\/wp\/v2\/pages"}],"about":[{"href":"https:\/\/parosapartmentspanos.com\/it\/wp-json\/wp\/v2\/types\/page"}],"author":[{"embeddable":true,"href":"https:\/\/parosapartmentspanos.com\/it\/wp-json\/wp\/v2\/users\/1"}],"replies":[{"embeddable":true,"href":"https:\/\/parosapartmentspanos.com\/it\/wp-json\/wp\/v2\/comments?post=2301"}],"version-history":[{"count":1,"href":"https:\/\/parosapartmentspanos.com\/it\/wp-json\/wp\/v2\/pages\/2301\/revisions"}],"predecessor-version":[{"id":2303,"href":"https:\/\/parosapartmentspanos.com\/it\/wp-json\/wp\/v2\/pages\/2301\/revisions\/2303"}],"up":[{"embeddable":true,"href":"https:\/\/parosapartmentspanos.com\/it\/wp-json\/wp\/v2\/pages\/2204"}],"wp:featuredmedia":[{"embeddable":true,"href":"https:\/\/parosapartmentspanos.com\/it\/wp-json\/wp\/v2\/media\/2302"}],"wp:attachment":[{"href":"https:\/\/parosapartmentspanos.com\/it\/wp-json\/wp\/v2\/media?parent=2301"}],"curies":[{"name":"wp","href":"https:\/\/api.w.org\/{rel}","templated":true}]}}