{"id":2535,"date":"2022-11-06T06:58:20","date_gmt":"2022-11-06T06:58:20","guid":{"rendered":"https:\/\/parosapartmentspanos.com\/it\/?page_id=2535"},"modified":"2022-11-06T08:14:25","modified_gmt":"2022-11-06T08:14:25","slug":"il-castello-veneziano-di-naousa","status":"publish","type":"page","link":"https:\/\/parosapartmentspanos.com\/it\/attrazioni\/il-castello-veneziano-di-naousa\/","title":{"rendered":"Il Castello Veneziano di Naousa"},"content":{"rendered":"<p>Il Castello Veneziano a Naousa di Paros fu costruito dai Veneziani nel 16\u00b0 secolo. Il castello noto come Kasteli a Paros \u00e8 una fortezza difensiva costruita per proteggere il porto e il quartiere medievale di Naousa dai Corsari.<\/p>\n<p>Il Castello Veneziano a Naousa di Paros attira ogni anno un sacco di turisti ed \u00e8 costruito attorno al suo meraviglioso porto. \u2018E \u00a0stato assediato fortemente nel 1537 e alla fine conquistato dai Turchi, aprendo la strada per conquistare tutta l\u2019isola di Paros.<\/p>\n<p>Al giorno di oggi anche se una parte del castello Veneziano a Naousa, \u00e8 affondata, questo grande monumento medivale \u00e8 uno dei luoghi pi\u00f9 affascinanti\u00a0 sull\u2019isola di Paros. Il Castello Veneziano a Naousa a causa della sua posizione, \u00a0\u00e8 uno dei punti di interesse pi\u00f9 romantici a Paros.<\/p>\n<p>Alla porta medievale del sud-ovest del Castello Veneziano di Naousa, \u00e8 costruita la cappella di Agios Nikolaos, conosciuta anche come Agios Nikolas di Mostratou. Una meravigliosa cappella nei colori delle Cicladi, che completa \u00a0il quadro idilliaco del porto di Naousa.<\/p>\n","protected":false},"excerpt":{"rendered":"<p>Il Castello Veneziano a Naousa di Paros fu costruito dai Veneziani nel 16\u00b0 secolo. Il castello noto come Kasteli a Paros \u00e8 una fortezza difensiva costruita per proteggere il porto e il quartiere medievale di Naousa dai Corsari. Il castello veneziano di Naousa \u00e8 uno punti di interesse pi\u00f9 popolari a Paros.<\/p>\n","protected":false},"author":1,"featured_media":2536,"parent":2122,"menu_order":7,"comment_status":"closed","ping_status":"closed","template":"","meta":{"footnotes":""},"class_list":["post-2535","page","type-page","status-publish","has-post-thumbnail","hentry"],"yoast_head":"<!-- This site is optimized with the Yoast SEO plugin v27.1.1 - https:\/\/yoast.com\/product\/yoast-seo-wordpress\/ -->\n<title>Il Castello Veneziano di Naousa<\/title>\n<meta name=\"description\" content=\"Il castello veneziano di Naousa \u00e8 uno punti di interesse pi\u00f9 popolari a Paros. Attrazioni a Paros.\" \/>\n<meta name=\"robots\" content=\"index, follow, max-snippet:-1, max-image-preview:large, max-video-preview:-1\" \/>\n<link rel=\"canonical\" href=\"https:\/\/parosapartmentspanos.com\/it\/attrazioni\/il-castello-veneziano-di-naousa\/\" \/>\n<meta property=\"og:locale\" content=\"it_IT\" \/>\n<meta property=\"og:type\" content=\"article\" \/>\n<meta property=\"og:title\" content=\"Il Castello Veneziano di Naousa\" \/>\n<meta property=\"og:description\" content=\"Il castello veneziano di Naousa \u00e8 uno punti di interesse pi\u00f9 popolari a Paros. Attrazioni a Paros.\" \/>\n<meta property=\"og:url\" content=\"https:\/\/parosapartmentspanos.com\/it\/attrazioni\/il-castello-veneziano-di-naousa\/\" \/>\n<meta property=\"og:site_name\" content=\"Paros Appartamenti - Paros suite - Paros ville - Affitti\" \/>\n<meta property=\"article:publisher\" content=\"https:\/\/www.facebook.com\/panosluxuryparos\/\" \/>\n<meta property=\"article:modified_time\" content=\"2022-11-06T08:14:25+00:00\" \/>\n<meta property=\"og:image\" content=\"https:\/\/parosapartmentspanos.com\/it\/wp-content\/uploads\/2022\/11\/enetiko-1500-900.jpg\" \/>\n\t<meta property=\"og:image:width\" content=\"1500\" \/>\n\t<meta property=\"og:image:height\" content=\"900\" \/>\n\t<meta property=\"og:image:type\" content=\"image\/jpeg\" \/>\n<meta name=\"twitter:label1\" content=\"Tempo di lettura stimato\" \/>\n\t<meta name=\"twitter:data1\" content=\"1 minuto\" \/>\n<script type=\"application\/ld+json\" class=\"yoast-schema-graph\">{\"@context\":\"https:\/\/schema.org\",\"@graph\":[{\"@type\":\"WebPage\",\"@id\":\"https:\/\/parosapartmentspanos.com\/it\/attrazioni\/il-castello-veneziano-di-naousa\/\",\"url\":\"https:\/\/parosapartmentspanos.com\/it\/attrazioni\/il-castello-veneziano-di-naousa\/\",\"name\":\"Il Castello Veneziano di Naousa\",\"isPartOf\":{\"@id\":\"https:\/\/parosapartmentspanos.com\/it\/#website\"},\"primaryImageOfPage\":{\"@id\":\"https:\/\/parosapartmentspanos.com\/it\/attrazioni\/il-castello-veneziano-di-naousa\/#primaryimage\"},\"image\":{\"@id\":\"https:\/\/parosapartmentspanos.com\/it\/attrazioni\/il-castello-veneziano-di-naousa\/#primaryimage\"},\"thumbnailUrl\":\"https:\/\/parosapartmentspanos.com\/it\/wp-content\/uploads\/2022\/11\/enetiko-1500-900.jpg\",\"datePublished\":\"2022-11-06T06:58:20+00:00\",\"dateModified\":\"2022-11-06T08:14:25+00:00\",\"description\":\"Il castello veneziano di Naousa \u00e8 uno punti di interesse pi\u00f9 popolari a Paros. Attrazioni a Paros.\",\"breadcrumb\":{\"@id\":\"https:\/\/parosapartmentspanos.com\/it\/attrazioni\/il-castello-veneziano-di-naousa\/#breadcrumb\"},\"inLanguage\":\"it-IT\",\"potentialAction\":[{\"@type\":\"ReadAction\",\"target\":[\"https:\/\/parosapartmentspanos.com\/it\/attrazioni\/il-castello-veneziano-di-naousa\/\"]}]},{\"@type\":\"ImageObject\",\"inLanguage\":\"it-IT\",\"@id\":\"https:\/\/parosapartmentspanos.com\/it\/attrazioni\/il-castello-veneziano-di-naousa\/#primaryimage\",\"url\":\"https:\/\/parosapartmentspanos.com\/it\/wp-content\/uploads\/2022\/11\/enetiko-1500-900.jpg\",\"contentUrl\":\"https:\/\/parosapartmentspanos.com\/it\/wp-content\/uploads\/2022\/11\/enetiko-1500-900.jpg\",\"width\":1500,\"height\":900,\"caption\":\"8. Il Castello Veneziano di Naousa\"},{\"@type\":\"BreadcrumbList\",\"@id\":\"https:\/\/parosapartmentspanos.com\/it\/attrazioni\/il-castello-veneziano-di-naousa\/#breadcrumb\",\"itemListElement\":[{\"@type\":\"ListItem\",\"position\":1,\"name\":\"Home\",\"item\":\"https:\/\/parosapartmentspanos.com\/it\/\"},{\"@type\":\"ListItem\",\"position\":2,\"name\":\"Attrazioni\",\"item\":\"https:\/\/parosapartmentspanos.com\/it\/attrazioni\/\"},{\"@type\":\"ListItem\",\"position\":3,\"name\":\"Il Castello Veneziano di Naousa\"}]},{\"@type\":\"WebSite\",\"@id\":\"https:\/\/parosapartmentspanos.com\/it\/#website\",\"url\":\"https:\/\/parosapartmentspanos.com\/it\/\",\"name\":\"Paros Appartamenti - Paros suite - Paros ville - Affitti\",\"description\":\"Appartamenti di lusso, suite e ville in affitto a Paros. Suite, appartamenti e ville in affitto a Paros\",\"publisher\":{\"@id\":\"https:\/\/parosapartmentspanos.com\/it\/#organization\"},\"potentialAction\":[{\"@type\":\"SearchAction\",\"target\":{\"@type\":\"EntryPoint\",\"urlTemplate\":\"https:\/\/parosapartmentspanos.com\/it\/?s={search_term_string}\"},\"query-input\":{\"@type\":\"PropertyValueSpecification\",\"valueRequired\":true,\"valueName\":\"search_term_string\"}}],\"inLanguage\":\"it-IT\"},{\"@type\":\"Organization\",\"@id\":\"https:\/\/parosapartmentspanos.com\/it\/#organization\",\"name\":\"Paros Appartamenti - Paros suite - Paros ville - Affitti\",\"url\":\"https:\/\/parosapartmentspanos.com\/it\/\",\"logo\":{\"@type\":\"ImageObject\",\"inLanguage\":\"it-IT\",\"@id\":\"https:\/\/parosapartmentspanos.com\/it\/#\/schema\/logo\/image\/\",\"url\":\"https:\/\/parosapartmentspanos.com\/it\/wp-content\/uploads\/2021\/03\/panos_luxury-190.jpg\",\"contentUrl\":\"https:\/\/parosapartmentspanos.com\/it\/wp-content\/uploads\/2021\/03\/panos_luxury-190.jpg\",\"width\":190,\"height\":86,\"caption\":\"Paros Appartamenti - Paros suite - Paros ville - Affitti\"},\"image\":{\"@id\":\"https:\/\/parosapartmentspanos.com\/it\/#\/schema\/logo\/image\/\"},\"sameAs\":[\"https:\/\/www.facebook.com\/panosluxuryparos\/\",\"https:\/\/x.com\/panosluxury\"]}]}<\/script>\n<!-- \/ Yoast SEO plugin. -->","yoast_head_json":{"title":"Il Castello Veneziano di Naousa","description":"Il castello veneziano di Naousa \u00e8 uno punti di interesse pi\u00f9 popolari a Paros. Attrazioni a Paros.","robots":{"index":"index","follow":"follow","max-snippet":"max-snippet:-1","max-image-preview":"max-image-preview:large","max-video-preview":"max-video-preview:-1"},"canonical":"https:\/\/parosapartmentspanos.com\/it\/attrazioni\/il-castello-veneziano-di-naousa\/","og_locale":"it_IT","og_type":"article","og_title":"Il Castello Veneziano di Naousa","og_description":"Il castello veneziano di Naousa \u00e8 uno punti di interesse pi\u00f9 popolari a Paros. Attrazioni a Paros.","og_url":"https:\/\/parosapartmentspanos.com\/it\/attrazioni\/il-castello-veneziano-di-naousa\/","og_site_name":"Paros Appartamenti - Paros suite - Paros ville - Affitti","article_publisher":"https:\/\/www.facebook.com\/panosluxuryparos\/","article_modified_time":"2022-11-06T08:14:25+00:00","og_image":[{"width":1500,"height":900,"url":"https:\/\/parosapartmentspanos.com\/it\/wp-content\/uploads\/2022\/11\/enetiko-1500-900.jpg","type":"image\/jpeg"}],"twitter_misc":{"Tempo di lettura stimato":"1 minuto"},"schema":{"@context":"https:\/\/schema.org","@graph":[{"@type":"WebPage","@id":"https:\/\/parosapartmentspanos.com\/it\/attrazioni\/il-castello-veneziano-di-naousa\/","url":"https:\/\/parosapartmentspanos.com\/it\/attrazioni\/il-castello-veneziano-di-naousa\/","name":"Il Castello Veneziano di Naousa","isPartOf":{"@id":"https:\/\/parosapartmentspanos.com\/it\/#website"},"primaryImageOfPage":{"@id":"https:\/\/parosapartmentspanos.com\/it\/attrazioni\/il-castello-veneziano-di-naousa\/#primaryimage"},"image":{"@id":"https:\/\/parosapartmentspanos.com\/it\/attrazioni\/il-castello-veneziano-di-naousa\/#primaryimage"},"thumbnailUrl":"https:\/\/parosapartmentspanos.com\/it\/wp-content\/uploads\/2022\/11\/enetiko-1500-900.jpg","datePublished":"2022-11-06T06:58:20+00:00","dateModified":"2022-11-06T08:14:25+00:00","description":"Il castello veneziano di Naousa \u00e8 uno punti di interesse pi\u00f9 popolari a Paros. Attrazioni a Paros.","breadcrumb":{"@id":"https:\/\/parosapartmentspanos.com\/it\/attrazioni\/il-castello-veneziano-di-naousa\/#breadcrumb"},"inLanguage":"it-IT","potentialAction":[{"@type":"ReadAction","target":["https:\/\/parosapartmentspanos.com\/it\/attrazioni\/il-castello-veneziano-di-naousa\/"]}]},{"@type":"ImageObject","inLanguage":"it-IT","@id":"https:\/\/parosapartmentspanos.com\/it\/attrazioni\/il-castello-veneziano-di-naousa\/#primaryimage","url":"https:\/\/parosapartmentspanos.com\/it\/wp-content\/uploads\/2022\/11\/enetiko-1500-900.jpg","contentUrl":"https:\/\/parosapartmentspanos.com\/it\/wp-content\/uploads\/2022\/11\/enetiko-1500-900.jpg","width":1500,"height":900,"caption":"8. Il Castello Veneziano di Naousa"},{"@type":"BreadcrumbList","@id":"https:\/\/parosapartmentspanos.com\/it\/attrazioni\/il-castello-veneziano-di-naousa\/#breadcrumb","itemListElement":[{"@type":"ListItem","position":1,"name":"Home","item":"https:\/\/parosapartmentspanos.com\/it\/"},{"@type":"ListItem","position":2,"name":"Attrazioni","item":"https:\/\/parosapartmentspanos.com\/it\/attrazioni\/"},{"@type":"ListItem","position":3,"name":"Il Castello Veneziano di Naousa"}]},{"@type":"WebSite","@id":"https:\/\/parosapartmentspanos.com\/it\/#website","url":"https:\/\/parosapartmentspanos.com\/it\/","name":"Paros Appartamenti - Paros suite - Paros ville - Affitti","description":"Appartamenti di lusso, suite e ville in affitto a Paros. Suite, appartamenti e ville in affitto a Paros","publisher":{"@id":"https:\/\/parosapartmentspanos.com\/it\/#organization"},"potentialAction":[{"@type":"SearchAction","target":{"@type":"EntryPoint","urlTemplate":"https:\/\/parosapartmentspanos.com\/it\/?s={search_term_string}"},"query-input":{"@type":"PropertyValueSpecification","valueRequired":true,"valueName":"search_term_string"}}],"inLanguage":"it-IT"},{"@type":"Organization","@id":"https:\/\/parosapartmentspanos.com\/it\/#organization","name":"Paros Appartamenti - Paros suite - Paros ville - Affitti","url":"https:\/\/parosapartmentspanos.com\/it\/","logo":{"@type":"ImageObject","inLanguage":"it-IT","@id":"https:\/\/parosapartmentspanos.com\/it\/#\/schema\/logo\/image\/","url":"https:\/\/parosapartmentspanos.com\/it\/wp-content\/uploads\/2021\/03\/panos_luxury-190.jpg","contentUrl":"https:\/\/parosapartmentspanos.com\/it\/wp-content\/uploads\/2021\/03\/panos_luxury-190.jpg","width":190,"height":86,"caption":"Paros Appartamenti - Paros suite - Paros ville - Affitti"},"image":{"@id":"https:\/\/parosapartmentspanos.com\/it\/#\/schema\/logo\/image\/"},"sameAs":["https:\/\/www.facebook.com\/panosluxuryparos\/","https:\/\/x.com\/panosluxury"]}]}},"_links":{"self":[{"href":"https:\/\/parosapartmentspanos.com\/it\/wp-json\/wp\/v2\/pages\/2535","targetHints":{"allow":["GET"]}}],"collection":[{"href":"https:\/\/parosapartmentspanos.com\/it\/wp-json\/wp\/v2\/pages"}],"about":[{"href":"https:\/\/parosapartmentspanos.com\/it\/wp-json\/wp\/v2\/types\/page"}],"author":[{"embeddable":true,"href":"https:\/\/parosapartmentspanos.com\/it\/wp-json\/wp\/v2\/users\/1"}],"replies":[{"embeddable":true,"href":"https:\/\/parosapartmentspanos.com\/it\/wp-json\/wp\/v2\/comments?post=2535"}],"version-history":[{"count":2,"href":"https:\/\/parosapartmentspanos.com\/it\/wp-json\/wp\/v2\/pages\/2535\/revisions"}],"predecessor-version":[{"id":2544,"href":"https:\/\/parosapartmentspanos.com\/it\/wp-json\/wp\/v2\/pages\/2535\/revisions\/2544"}],"up":[{"embeddable":true,"href":"https:\/\/parosapartmentspanos.com\/it\/wp-json\/wp\/v2\/pages\/2122"}],"wp:featuredmedia":[{"embeddable":true,"href":"https:\/\/parosapartmentspanos.com\/it\/wp-json\/wp\/v2\/media\/2536"}],"wp:attachment":[{"href":"https:\/\/parosapartmentspanos.com\/it\/wp-json\/wp\/v2\/media?parent=2535"}],"curies":[{"name":"wp","href":"https:\/\/api.w.org\/{rel}","templated":true}]}}